{"id":10820,"date":"2017-12-01T16:21:58","date_gmt":"2017-12-01T19:21:58","guid":{"rendered":"http:\/\/transporteativo.org.br\/ta\/?page_id=10820"},"modified":"2017-12-01T16:21:58","modified_gmt":"2017-12-01T19:21:58","slug":"boletim-mensal-ta-85-novembro-2017","status":"publish","type":"page","link":"https:\/\/transporteativo.org.br\/ta\/?page_id=10820","title":{"rendered":"Boletim Mensal TA #85 \u2013 Novembro 2017"},"content":{"rendered":"<p align=\"left\"><img loading=\"lazy\" decoding=\"async\" src=\"http:\/\/www.ta.org.br\/Newsletter\/LogoAm1.gif\" width=\"105\" height=\"63\" \/><\/p>\n<h4 align=\"left\"><strong><span style=\"color: #000080;\">Papo em Popayan e outras atividades na Colombia<\/span><br \/>\n<\/strong><\/h4>\n<p style=\"text-align: justify;\">Viajamos, a convite do coletivo <a href=\"https:\/\/masurbano.org\/\">M\u00e1s Urbano<\/a>, at\u00e9 Popay\u00e1n.\u00a0Mais uma cidade participante da Pesquisa Perfil Ciclista 2017 onde nos reunimos com os coordenadores locais da pesquisa, <a href=\"https:\/\/www.facebook.com\/PersonajeCiclista\/\">Personaje Ciclista<\/a> e <a href=\"http:\/\/www.unimayor.edu.co\/web\/es\/investigaciones\/stma-investigaciones\/centro-de-estudios-urbanos\">Centro de Estudios Urbanos<\/a> \u2013 Instituici\u00f3n Universitaria Col\u00e9gio Mayor del Cauca, para conversar sobre nossas experi\u00eancias e percep\u00e7\u00f5es. Al\u00e9m de um bate papo sobre como construir melhores cidades a partir de iniciativas cidad\u00e3s e participativas.<br \/>\n<img loading=\"lazy\" decoding=\"async\" class=\"alignnone size-full wp-image-10893\" src=\"http:\/\/transporteativo.org.br\/ta\/wp-content\/uploads\/2017\/11\/85_1.jpg\" alt=\"85_1\" width=\"250\" height=\"170\" \/>\u00a0\u00a0 <a href=\"http:\/\/transporteativo.org.br\/ta\/?p=10851\" target=\"_blank\">Saiba mais<\/a>.<br \/>\n<strong>\u2026..\u2026\u2026\u2026\u2026\u2026\u2026\u2026\u2026\u2026\u2026\u2026\u2026\u2026\u2026\u2026\u2026\u2026\u2026\u2026\u2026\u2026\u2026\u2026\u2026\u2026\u2026\u2026\u2026\u2026..<\/strong><\/p>\n<h4 align=\"left\"><strong><span style=\"color: #000080;\">TA Finalista do Pr\u00eamio Tecnologia Social 2017<\/span><br \/>\n<\/strong><\/h4>\n<p style=\"text-align: justify;\"><span style=\"color: #000000;\"><span style=\"color: #333333;\">A Funda\u00e7\u00e3o Banco do Brasil realizou em Bras\u00edlia, o F\u00f3rum Internacional de Tecnologia Social, evento que reuniu pesquisadores, especialistas, integrantes do poder p\u00fablico e representantes das iniciativas finalistas da 9\u00aa edi\u00e7\u00e3o do Pr\u00eamio Funda\u00e7\u00e3o Banco do Brasil de Tecnologia Social, a TA dentre eles com o projeto <a href=\"http:\/\/transporteativo.org.br\/ta\/?page_id=8\" target=\"_blank\">Ciclo Rotas Centro<\/a>, Tecnologia Social <a href=\"http:\/\/transporteativo.org.br\/ta\/?p=10423\" target=\"_blank\">certificada<\/a> FBB, assim como de entidades certificadas em premia\u00e7\u00f5es anteriores.<\/span><\/span><br \/>\n<img loading=\"lazy\" decoding=\"async\" class=\"alignnone size-full wp-image-10894\" src=\"http:\/\/transporteativo.org.br\/ta\/wp-content\/uploads\/2017\/11\/85_2.jpg\" alt=\"85_2\" width=\"250\" height=\"170\" \/>\u00a0\u00a0 <a href=\"http:\/\/transporteativo.org.br\/ta\/?p=10904\" target=\"_blank\">Saiba mais<\/a>.<br \/>\n<strong>\u2026..\u2026\u2026\u2026\u2026\u2026\u2026\u2026\u2026\u2026\u2026\u2026\u2026\u2026\u2026\u2026\u2026\u2026\u2026\u2026\u2026\u2026\u2026\u2026\u2026\u2026\u2026\u2026\u2026\u2026..<\/strong><\/p>\n<h4 align=\"left\"><strong><span style=\"color: #000080;\">Bicicultura 2018<\/span><br \/>\n<\/strong><\/h4>\n<p style=\"text-align: justify;\">Vem ai o Bicicultura 2018 no Rio de Janeiro! Os preparativos j\u00e1 come\u00e7aram e mais de 10 organiza\u00e7\u00f5es do Rio e de Niter\u00f3i j\u00e1 est\u00e3o unidas, debatendo as necessidades para por tudo em pratica logo no in\u00edcio de 2018. Tema, logomarca, website, chamadas de trabalhos e bolsas de viagem. Outras organiza\u00e7\u00f5es locais j\u00e1 est\u00e3o aderindo tamb\u00e9m, se voc\u00ea \u00e9 do Rio ou regi\u00e3o metropolitana do RJ e realiza alguma atividade com bicicletas, entre em <a href=\"http:\/\/transporteativo.org.br\/ta\/?page_id=49\" target=\"_blank\">contato<\/a> conosco para somar a esta grande mostra da cultura da bicicleta no Rio e no Brasil. Aguardem por mais novidades e reservem a data, dias 8, 9 e 10 de Junho de 2018.<br \/>\n<img loading=\"lazy\" decoding=\"async\" class=\"alignnone size-full wp-image-10895\" src=\"http:\/\/transporteativo.org.br\/ta\/wp-content\/uploads\/2017\/11\/85_3.jpg\" alt=\"85_3\" width=\"250\" height=\"170\" \/>\u00a0\u00a0 Mais informa\u00e7\u00f5es em breve.<br \/>\n<strong>\u2026..\u2026\u2026\u2026\u2026\u2026\u2026\u2026\u2026\u2026\u2026\u2026\u2026\u2026\u2026\u2026\u2026\u2026\u2026\u2026\u2026\u2026\u2026\u2026\u2026\u2026\u2026\u2026\u2026\u2026..<\/strong><\/p>\n<h4 align=\"left\"><strong><span style=\"color: #000080;\">Velo-city 2018<\/span><br \/>\n<\/strong><\/h4>\n<p style=\"text-align: justify;\"><span style=\"color: #333333;\">Os preparativos para o Velo-city 2018 seguem<\/span> agora nas m\u00e3os da RioTur e aos poucos as coisas est\u00e3o sendo definidas para o primeiro Velo-city na Am\u00e9rica Latina e em um pa\u00eds em desenvolvimento. O conte\u00fado do programa, a cargo da ECF e da TA, est\u00e1 bastante adiantado, os mais de 300 trabalhos enviados, de 41 pa\u00edses dos cinco continentes, j\u00e1 foram avaliados por 39 revisores de 21 pa\u00edses e agora seguem para a primeira fase de montagem do programa, em dezembro. O conte\u00fado dos trabalhos recebidos est\u00e1 muito bom o que promete um evento com conte\u00fado de alto n\u00edvel. Aguardem por mais not\u00edcias e reservem a data de 12 \u00e0 15 de junho 2018, no Rio de Janeiro.<br \/>\n<img loading=\"lazy\" decoding=\"async\" class=\"alignnone size-full wp-image-10896\" src=\"http:\/\/transporteativo.org.br\/ta\/wp-content\/uploads\/2017\/11\/85_4.jpg\" alt=\"85_4\" width=\"249\" height=\"159\" \/>\u00a0\u00a0 <a href=\"http:\/\/velo-city2018.rio\/\" target=\"_blank\">mais infomra\u00e7\u00f5es em breve.<\/a><br \/>\n<strong>\u2026..\u2026\u2026\u2026\u2026\u2026\u2026\u2026\u2026\u2026\u2026\u2026\u2026\u2026\u2026\u2026\u2026\u2026\u2026\u2026\u2026\u2026\u2026\u2026\u2026\u2026\u2026\u2026\u2026\u2026..<\/strong><\/p>\n<div align=\"left\">\n<div align=\"left\">\n<h4><strong>Na Imprensa:<\/strong><\/h4>\n<p>\u00b7 Portal Mobilize &#8211; <a title=\"Permalink to Caminhando com SampaP\u00e9! em Medell\u00edn \u2013 Parte 1: Pr\u00e9 F\u00f3rum\" href=\"http:\/\/www.mobilize.org.br\/blogs\/sampa-pe\/sem-categoria\/caminhando-com-sampape-em-medellin-parte-1-pre-forum\/\" rel=\"bookmark\">Caminhando com SampaP\u00e9! em Medell\u00edn \u2013 Parte 1: Pr\u00e9 F\u00f3rum<\/a>.<br \/>\n\u00b7 Radio MEC AM Rio 800khz \u2013 <a href=\"http:\/\/radios.ebc.com.br\/bate-papo-ponto-com\" target=\"_blank\">Bate-Papo ponto com<\/a> \u2013 <a href=\"https:\/\/www.facebook.com\/radiomecam\/videos\/1570669052975937\/\" target=\"_blank\">Pedestres e Ciclistas ser\u00e3o multados<\/a>?<br \/>\n\u00b7 O Globo &#8211; <a href=\"https:\/\/oglobo.globo.com\/rio\/a-menos-de-oito-meses-de-evento-internacional-prefeitura-nao-investiu-em-vias-para-bicicletas-22059970\" target=\"_blank\">No Rio, est\u00e1 mais dif\u00edcil andar sobre duas rodas<\/a>.<br \/>\n\u00b7 Rede TVT &#8211; Seu Jornal &#8211; <a href=\"https:\/\/youtu.be\/lr1QLScqMzA\" target=\"_blank\">Defensores do uso da bicicleta reclamam de lei assinada pelo prefeito de S\u00e3o Paulo<\/a>.<br \/>\n\u00b7 Unimayor &#8211;<a title=\"\u00bfQui\u00e9nes son los usuarios de la \u2018bici\u2019 en Popay\u00e1n?\" href=\"http:\/\/www.unimayor.edu.co\/web\/es\/noticias\/2747-quienes-son-los-usuarios-de-la-bici-en-popayan\" target=\"_blank\">\u00bfQui\u00e9nes son los usuarios de la \u2018bici\u2019 en Popay\u00e1n? <\/a><\/p>\n<div align=\"left\">\n<p><strong><span style=\"color: #ffffff;\">.<\/span><\/strong><\/p>\n<p>Em breve mais novidades divulgando as a\u00e7\u00f5es e informa\u00e7\u00f5es envolvendo a TA.<\/p>\n<\/div>\n<p>Sauda\u00e7\u00f5es e for\u00e7a nos pedais, nas rodas e nos p\u00e9s.<\/p>\n<p>Transporte Ativo<\/p>\n<\/div>\n<\/div>\n","protected":false},"excerpt":{"rendered":"<p> <a class=\"more-link\" href=\"https:\/\/transporteativo.org.br\/ta\/?page_id=10820\"><\/a><\/p>\n","protected":false},"author":2,"featured_media":0,"parent":9037,"menu_order":0,"comment_status":"closed","ping_status":"closed","template":"","meta":{"_exactmetrics_skip_tracking":false,"_exactmetrics_sitenote_active":false,"_exactmetrics_sitenote_note":"","_exactmetrics_sitenote_category":0,"footnotes":""},"class_list":["post-10820","page","type-page","status-publish","hentry"],"_links":{"self":[{"href":"https:\/\/transporteativo.org.br\/ta\/index.php?rest_route=\/wp\/v2\/pages\/10820","targetHints":{"allow":["GET"]}}],"collection":[{"href":"https:\/\/transporteativo.org.br\/ta\/index.php?rest_route=\/wp\/v2\/pages"}],"about":[{"href":"https:\/\/transporteativo.org.br\/ta\/index.php?rest_route=\/wp\/v2\/types\/page"}],"author":[{"embeddable":true,"href":"https:\/\/transporteativo.org.br\/ta\/index.php?rest_route=\/wp\/v2\/users\/2"}],"replies":[{"embeddable":true,"href":"https:\/\/transporteativo.org.br\/ta\/index.php?rest_route=%2Fwp%2Fv2%2Fcomments&post=10820"}],"version-history":[{"count":17,"href":"https:\/\/transporteativo.org.br\/ta\/index.php?rest_route=\/wp\/v2\/pages\/10820\/revisions"}],"predecessor-version":[{"id":10915,"href":"https:\/\/transporteativo.org.br\/ta\/index.php?rest_route=\/wp\/v2\/pages\/10820\/revisions\/10915"}],"up":[{"embeddable":true,"href":"https:\/\/transporteativo.org.br\/ta\/index.php?rest_route=\/wp\/v2\/pages\/9037"}],"wp:attachment":[{"href":"https:\/\/transporteativo.org.br\/ta\/index.php?rest_route=%2Fwp%2Fv2%2Fmedia&parent=10820"}],"curies":[{"name":"wp","href":"https:\/\/api.w.org\/{rel}","templated":true}]}}