{"id":11230,"date":"2018-03-13T11:29:41","date_gmt":"2018-03-13T14:29:41","guid":{"rendered":"http:\/\/transporteativo.org.br\/ta\/?page_id=11230"},"modified":"2018-03-16T14:15:52","modified_gmt":"2018-03-16T17:15:52","slug":"encontro-latino-americano-de-sistemas-de-bicicletas-publicas-e-compartilhadas","status":"publish","type":"page","link":"https:\/\/transporteativo.org.br\/ta\/?page_id=11230","title":{"rendered":"Encontro Latino-americano de Sistemas de Bicicletas P\u00fablicas e Compartilhadas"},"content":{"rendered":"<h4><em>Encuentro Latinoamericano de Sistemas de Bicicletas P\u00fablicas y Compartidas<\/em><\/h4>\n<p style=\"text-align: center;\">Rio de Janeiro &#8211; 9 e 10\/06\/2018<\/p>\n<script type='text\/javascript'>\r\n\tjQuery(document).ready(function ($) {\r\n\t\t$('#responsiveTabs-11228').responsiveTabs({\r\n\t\t\tcollapsible: true,\r\n\t\t\tanimation: 'fade',\r\n\t\t\tduration: 500,\r\n\t\t\tactive:0,\t\t\t\r\n\t\t\t});\r\n\t\r\n\t\r\n\t\t});\r\n\t<\/script><style type=\"text\/css\">#tabs-11228{} #tabs-11228 .tabs-nav-items{} #tabs-11228 .tabs-content{}\r\n\t\t\r\n\t\t#responsiveTabs-11228{\r\n\t\t\t\r\n\t\t\tpadding:;\r\n\t\t\tmargin:;\t\t\t\r\n\t\t\t\r\n\t\t\t}\t\t\r\n\t\t#responsiveTabs-11228 ul.tabs-nav li.tabs-nav-items,\r\n\t\t#responsiveTabs-11228  .r-tabs-accordion-title{\r\n\t\t\t\r\n\t\t\tbackground: #dddddd;\r\n\t\t\tpadding: ;\r\n\t\t\tmargin: ;\t\t\t\t\t\r\n\t\t\t\r\n\t\t\t}#responsiveTabs-11228 ul.tabs-nav li.r-tabs-state-active ,\r\n\t\t#responsiveTabs-11228 div.r-tabs-state-active ,\r\n\t\t#responsiveTabs-11228 .r-tabs-panel.r-tabs-state-active{\r\n\t\t\t\r\n\t\t\tbackground: #f2f2f2;\r\n\t\t\t}#responsiveTabs-11228 .r-tabs-panel{\r\n\t\t\t\r\n\t\t\tbackground: #f2f2f2;\r\n\t\t\tpadding: ;\r\n\t\t\tmargin: ;\t\t\t\r\n\t\t\t\r\n\t\t\t}\t\t\r\n\t\t\r\n\t\t\r\n\t\t#responsiveTabs-11228  .r-tabs-accordion-title a{\r\n\t\t\t\r\n\t\t\tcolor:#000000;\r\n\t\t\t\r\n\t\t\t}\r\n\t\t\r\n\t\t\r\n\t\t\r\n\t\t\r\n\t\t\r\n\t\t<\/style><div id=\"responsiveTabs-11228\"  class=\"tabs-container tabs-rounded-top\" style=\"background-image:url()\"><ul  id=\"tabs-11228\" class=\"tabs-nav\"><li class=\"tabs-nav-items\"><a style=\"color:#000000;font-size:15px\" href=\"#tab-11228-0\"><i class=\"fa fa-No Icon\"><\/i>Encontro \/ Encuentro<\/a><\/li><li class=\"tabs-nav-items\"><a style=\"color:#000000;font-size:15px\" href=\"#tab-11228-1520950287254\"><i class=\"fa fa-No Icon\"><\/i>Programa \/ Agenda<\/a><\/li><li class=\"tabs-nav-items\"><a style=\"color:#000000;font-size:15px\" href=\"#tab-11228-1520950317090\"><i class=\"fa fa-No Icon\"><\/i>Hist\u00f3ria<\/a><\/li><li class=\"tabs-nav-items\"><a style=\"color:#000000;font-size:15px\" href=\"#tab-11228-1520950894403\"><i class=\"fa fa-No Icon\"><\/i>Patroc\u00ednio e Apoio \/ Patrocinio y Apoyo<\/a><\/li><\/ul><div style=\"color:#0a0a0a;font-size:16px\" id=\"tab-11228-0\" class=\"tabs-content\"><p>&nbsp;<\/p>\n<p>Este encontro tem como objetivo proporcionar a transfer\u00eancia de conhecimento entre t\u00e9cnicos e gestores governamentais, operadores, desenvolvedores e estudiosos, visando gerar capacidade t\u00e9cnica para planejamento, implementa\u00e7\u00e3o e acompanhamento de Sistemas de Bicicletas Compartilhadas.<\/p>\n<p>O encontro acontecer\u00e1 nos dias que antecedem a <a href=\"http:\/\/velo-city2018.rio\/\" target=\"_blank\">Velo-city 2018 Rio<\/a>, que acontecer\u00e1 pela primeira vez na Am\u00e9rica Latina.<\/p>\n<p><strong>Fa\u00e7a sua pr\u00e9-inscri\u00e7\u00e3o <a href=\"https:\/\/form.jotformz.com\/80235020468651\" target=\"_blank\">Clicando Aqui<\/a>! <\/strong><\/p>\n<p><em>.<\/em><\/p>\n<p><em>El evento tiene como objetivo proporcionar la transferencia de conocimiento entre t\u00e9cnicos y gestores gubernamentales, operadores, desarrolladores y acad\u00e9micos, buscando generar capacidad t\u00e9cnica para la planificaci\u00f3n, implementaci\u00f3n y seguimiento de sistemas de bicicletas compartidas.<\/em><\/p>\n<p><em>El encuentro ocurrir\u00e1 en los d\u00edas previos a <a href=\"http:\/\/velo-city2018.rio\/\" target=\"_blank\">Velo-city 2018 Rio<\/a>, que tendr\u00e1 lugar por primera vez en Am\u00e9rica Latina.<\/em><\/p>\n<p><strong><em>Haga su preinscripci\u00f3n \u00a1Haciendo <a href=\"https:\/\/form.jotformz.com\/80235020468651\" target=\"_blank\">Click Aqu\u00ed<\/a>!<\/em><\/strong><\/p>\n<hr \/>\n<p><strong>Local:<\/strong><\/p>\n<p><strong>Rua Santo Cristo, 87 - Bairro Santo Cristo, Rio de Janeiro<\/strong><\/p>\n<p>---------------------<\/p>\n<p>*Evento Gratuito com Vagas Limitadas, Inscri\u00e7\u00e3o Pr\u00e9via sujeita a confirma\u00e7\u00e3o \/ Evento Gratuito con Cupos Limitados, inscripci\u00f3n previa sujeta a confirmaci\u00f3n<\/p>\n<p>**O evento ser\u00e1 realizado nos idiomas Portugu\u00eas e Espanhol, com tradu\u00e7\u00e3o simult\u00e2nea. \/ <em>*El evento se llevar\u00e1 a cabo en Portugu\u00e9s y Espa\u00f1ol, con traducci\u00f3n simult\u00e1nea.<\/em>\u00a0\/ *The event will be held in Portuguese and Spanish, with simultaneous translation.<\/p>\n<\/div><div style=\"color:#0a0a0a;font-size:16px\" id=\"tab-11228-1520950287254\" class=\"tabs-content\"><p><strong>PROGRAMA\u00c7\u00c3O<\/strong><\/p>\n<p><strong>09 de junho \/\u00a0<em>junio<\/em>\u00a0de 2018<\/strong><\/p>\n<p><strong>09:00\u00a0<\/strong>\u2013 Caf\u00e9 da manh\u00e3 de Boas Vindas<em>\u00a0\/ Desayuno de Bienvenida<\/em><\/p>\n<p><strong>09:30<\/strong>\u00a0\u2013 Abertura \/ Apertura<\/p>\n<p>&nbsp;<\/p>\n<p><strong>10:00 - 11:00\u00a0<\/strong>-\u00a0<strong>Bike Rio: Hist\u00f3ria, participa\u00e7\u00e3o da Sociedade Civil e troca de tecnologia\u00a0<em>\/ Bike Rio: Historia, participaci\u00f3n de la Sociedad Civil y cambio de tecnolog\u00eda.<\/em><\/strong><\/p>\n<p>Transporte Ativo - <a href=\"http:\/\/www.ta.org.br\/ELABC\/D1_1 Rodrigo Transporte Ativo.pdf\" target=\"_blank\">Rodrigo Vitorio<\/a><\/p>\n<p>Ita\u00fa - <a href=\"http:\/\/www.ta.org.br\/ELABC\/D1_2 Natalia Itau.pdf\" target=\"_blank\">Nat\u00e1lia Cerri Oliveira<\/a><\/p>\n<p>TemBici - <a href=\"http:\/\/www.ta.org.br\/ELABC\/D1_3 Carol Tembici.pdf\" target=\"_blank\">Carol Rivas<\/a><\/p>\n<p>&nbsp;<\/p>\n<p><strong>11:00 - 11:30<\/strong>\u00a0-\u00a0<strong>Sistemas de Bicicletas Compartilhadas: Inova\u00e7\u00f5es e Tend\u00eancias \/\u00a0<em>Sistemas de Bicicletas Compartidas: Innovaciones Y Tendencias<\/em><\/strong><\/p>\n<p><a href=\"http:\/\/www.ta.org.br\/ELABC\/D1_4 Ivan WRI.pdf\" target=\"_blank\">Iv\u00e1n de La Lanza<\/a> - WRI M\u00e9xico<\/p>\n<p>&nbsp;<\/p>\n<p><strong>11:45 - 12:30<\/strong>\u00a0-\u00a0<strong>Sistemas de Bicicletas P\u00fablicas:\u00a0parte de uma estrat\u00e9gia de mobilidade urbana sustent\u00e1vel \/\u00a0<em>Sistemas de Bicicletas P\u00fablicas: parte de una estrategia\u00a0de movilidad urbana sostenible<\/em><\/strong><\/p>\n<p><a href=\"http:\/\/www.ta.org.br\/ELABC\/D1_5 Lina AMVA Medellin.pdf\" target=\"_blank\">Lina L\u00f3pez<\/a> - \u00c1rea Metropolitana Valle de Aburr\u00e1 - Medell\u00edn \/ Colombia<\/p>\n<p><a href=\"http:\/\/www.ta.org.br\/ELABC\/D1_6 Mariel Figueroa.pdf\" target=\"_blank\">Mariel Figueroa<\/a> - Rosario \/ Argentina<\/p>\n<p>&nbsp;<\/p>\n<p><strong>12:30- 13:30 \u2013 <\/strong>Almo\u00e7o \/<em> Almuerzo<\/em><\/p>\n<p><strong>\u00a0<\/strong><\/p>\n<p><strong>13:45 - 14:15 \u2013 Encicla, un sistema de bicicletas p\u00fablicas hecho a mano.<\/strong><\/p>\n<p>Viviana Tob\u00f3n Jaramillo - \u00c1rea Metropolitana Valle de Aburr\u00e1 - Medell\u00edn \/ Colombia<\/p>\n<p>&nbsp;<\/p>\n<p><strong>14:30 - 15:15 \u2013 Sistemas de Bicicletas Compartilhadas de Fortaleza<\/strong><\/p>\n<p>Apresenta\u00e7\u00e3o do Caso de Fortaleza: <a href=\"http:\/\/www.ta.org.br\/ELABC\/D1_8 Bianca Fortaleza.pdf\" target=\"_blank\">Bianca Macedo<\/a> - \u00a0Assessora T\u00e9cnica Secretaria de Conserva\u00e7\u00e3o e Servi\u00e7os P\u00fablicos<\/p>\n<p><u>Perguntas e discuss\u00e3o sobre Mecanismos Legais <\/u><u>\/\u00a0Preguntas y discusi\u00f3n acerca de los <em>Mecanismos Legales<\/em><\/u><\/p>\n<p>&nbsp;<\/p>\n<p><strong>15:30 - 16:15 \u2013\u00a0Campanhas de Promo\u00e7\u00e3o e Centro de Aten\u00e7\u00e3o ao Usu\u00e1rio \/\u00a0<em>Campa\u00f1as de Promoci\u00f3n y Centro de Atenci\u00f3n al Usuario<\/em><\/strong><\/p>\n<p>Tembici \/ Brasil - <a href=\"http:\/\/www.ta.org.br\/ELABC\/D1_9 Carol Tembici.pdf\" target=\"_blank\">Carol Rivas<\/a><\/p>\n<p>Encicla \/ Medell\u00edn \u2013 Viviana Tob\u00f3n<\/p>\n<p>Modera\u00e7\u00e3o\/ Moderaci\u00f3n:\u00a0Mariel Figueroa<\/p>\n<p>&nbsp;<\/p>\n<p><strong>16:15 - 16:35 <\/strong>\u2013 Break<\/p>\n<p>&nbsp;<\/p>\n<p><strong>16:35 - 17:00 - N\u00edveis de servi\u00e7o \/\u00a0<em>Niveles de Servicio<\/em><\/strong><\/p>\n<p><a href=\"http:\/\/www.ta.org.br\/ELABC\/D1_11 Mario BKT.pdf\" target=\"_blank\">Mario Delgado<\/a> - BKT, Guadalajara<\/p>\n<p>&nbsp;<\/p>\n<p><strong>17:10 - 18:00<\/strong>\u00a0- Panel de Discusi\u00f3n:\u00a0<strong>Sistema Dockless e Regulamenta\u00e7\u00e3o \/\u00a0<em>Sistema Dock Less y Reglamentaci\u00f3n<\/em><\/strong><\/p>\n<p>Caso Ciudad de M\u00e9xico - \u00a0Iv\u00e1n de La Lanza<\/p>\n<p>Niccolo Panozo - European Cyclists Federation (PEBSS)<\/p>\n<p>Modera\u00e7\u00e3o \/\u00a0<em>Moderaci\u00f3n<\/em>: Kristian Brink<\/p>\n<p>&nbsp;<\/p>\n<p>----------------<\/p>\n<p><strong>10 de junho\/<em>junio<\/em>\u00a0de 2018<\/strong><\/p>\n<p><strong>10:00\u00a0<\/strong>\u2013 Caf\u00e9 da manh\u00e3<em>\u00a0\/ Desayuno<\/em><\/p>\n<p>&nbsp;<\/p>\n<p><strong>10:30 - 10:50<\/strong>\u00a0-\u00a0<strong>Programa Bicicletas Integradoras ao Sistema Ferrovi\u00e1rio \/\u00a0<em>Programa Bicicletas Integradas al Sistema Ferrovi\u00e1rio<\/em><\/strong><\/p>\n<p><a href=\"http:\/\/www.ta.org.br\/ELABC\/D2_1 Mauro Tavares.pdf\" target=\"_blank\">Mauro Tavares<\/a> - Rio Estado da Bicicleta<\/p>\n<p>&nbsp;<\/p>\n<p><strong>11:00 - 11:45 - Economia dos Sistemas de Bicicletas P\u00fablicas e Compartilhadas: Busca de financiamento e justificativa econ\u00f4mica \/<\/strong>\u00a0<strong>Econom\u00eda de los Sistemas de Bicicletas P\u00fablicas y Compartidas. <\/strong><strong>B\u00fasqueda de financiamiento y justificaci\u00f3n econ\u00f3mica.<\/strong><\/p>\n<p>Ita\u00fa - Natalia Cerri Oliveira<\/p>\n<p><a href=\"http:\/\/www.ta.org.br\/ELABC\/D2_3 Aris C40.pdf\" target=\"_blank\">Aris Moro<\/a> - C40<\/p>\n<p>Modera\u00e7\u00e3o\/Moderaci\u00f3n: Iv\u00e1n de La Lanza<\/p>\n<p>&nbsp;<\/p>\n<p><strong>12:00 \u2013 12:45 - Troca de Tecnologia e Expans\u00e3o \/\u00a0<em>Cambio de tecnolog\u00eda y Expansi\u00f3n<\/em><\/strong><\/p>\n<p>Tembici - <a href=\"http:\/\/www.ta.org.br\/ELABC\/D2_4 Gabi Tembici.pdf\" target=\"_blank\">Gabriela Gomes<\/a><\/p>\n<p>&nbsp;<\/p>\n<p><strong>12:45 - 13:45 - <\/strong>Almuerzo<\/p>\n<p><strong>\u00a0<\/strong><\/p>\n<p><strong>14:00 - 14:45 - Dados. Dados abertos e uso dos dados \/\u00a0<em>Datos. Datos abiertos y uso de los datos<\/em><\/strong><\/p>\n<p><a href=\"http:\/\/www.ta.org.br\/ELABC\/D2_5 Mario BKT.pdf\" target=\"_blank\">Mario Delgado<\/a> - BKT, Guadalajara<\/p>\n<p>Modera\u00e7\u00e3o \/\u00a0<em>Moderaci\u00f3n<\/em>: Gabriela Binatti<\/p>\n<p>&nbsp;<\/p>\n<p><strong>15:00 - 15:30 \u2013 <\/strong>Break<\/p>\n<p>&nbsp;<\/p>\n<p><strong>15:30 - 16:15 - Painel de Encerramento \/\u00a0<em>Panel de Cierre<\/em><\/strong><\/p>\n<p><u>Lan\u00e7amento Plataforma Latino-americana de Sistemas de Bicicletas P\u00fablicas e Compartilhadas<\/u><\/p>\n<p>LatinoSBP \u2013 Gabriela Binatti e Mariel Figueiroa<\/p>\n<p>PEBSS \u2013 Niccolo Panozo<\/p>\n<p>NACTO \u2013 <a href=\"http:\/\/www.ta.org.br\/ELABC\/D2_6 Fabrizio NACTO.pdf\" target=\"_blank\">Fabrizio<\/a><\/p>\n<p>&nbsp;<\/p>\n<\/div><div style=\"color:#0a0a0a;font-size:16px\" id=\"tab-11228-1520950317090\" class=\"tabs-content\"><p>Em outubro de 2016 aconteceu o \u201c<a href=\"http:\/\/www.encicla.gov.co\/encuentro-encicla\/\">Encuentro Internacional de Sistemas de Bicicletas P\u00fablicas<\/a>\u201d em Medell\u00edn, na Col\u00f4mbia. Evento que marcou a discuss\u00e3o sobre sistemas de bicicletas compartilhadas a n\u00edvel Latino-americano, gerando demanda por novos encontros, e espa\u00e7os de discuss\u00e3o e aprendizagem relacionados ao tema. Depois deste, aconteceram mais dois eventos: a oficina \u201c<a href=\"http:\/\/wriciudades.org\/news\/wri-m%C3%A9xico-impulsa-la-bicicleta-compartida-en-latinoam%C3%A9rica\">Sistemas de Bicicletas Compartidas: Realidades y Retos Hacia una Pol\u00edtica de Movilidad Sustentable<\/a>\u201d, organizado pelo WRI M\u00e9xico como atividade paralela dentro da programa\u00e7\u00e3o oficial do Sexto F\u00f3rum Mundial da Bicicleta e uma oficina durante a \u201c<a href=\"http:\/\/www.latinamerica.uitp.org\/pt\/node\/3831\">15\u00aa Asamblea de Am\u00e9rica Latina y Seminario Regional<\/a>\u201d da UITP em Rosario, na Argentina,\u00a0aonde a Transporte Ativo, al\u00e9m de exercer o papel de assistente,\u00a0participou de forma ativa em pain\u00e9is e oficinas.<\/p>\n<p>Esses espa\u00e7os v\u00eam gerando inquietudes e necessidades por novos encontros com ac\u00famulo de conte\u00fado e envolvimento de novos atores estrat\u00e9gicos ao tema. Por isso, a Transporte Ativo se prop\u00f4s a receber na cidade do Rio de Janeiro mais um encontro Latino-americano sobre sistemas de bicicletas p\u00fablicas e compartilhadas.<\/p>\n<p><span style=\"color: #999999;\">.<\/span><\/p>\n<p><em>En octubre de 2016 ocurri\u00f3 el \"<a href=\"http:\/\/www.encicla.gov.co\/encuentro-encicla\/\">Encuentro Internacional de Sistemas de Bicicletas P\u00fablicas<\/a>\" en Medell\u00edn, Colombia. Este evento fue un hito en la discusi\u00f3n sobre sistemas de bicicletas compartidas a nivel Latinoamericano generando demanda por nuevos encuentros y espacios de discusi\u00f3n y aprendizaje relacionados al tema. Despu\u00e9s de esto se realizaron otros dos eventos, siendo ellos, el taller \"<a href=\"http:\/\/wriciudades.org\/news\/wri-m%C3%A9xico-impulsa-la-bicicleta-compartida-en-latinoam%C3%A9rica\">Sistemas de bicicletas compartidas, realidades y rectos hacia una pol\u00edtica de movilidad sustentable<\/a>\" organizado por el WRI M\u00e9xico como actividad paralela dentro de la programaci\u00f3n oficial del Sexto Foro Mundial de la Bicicleta y un panel y taller durante la \"<a href=\"http:\/\/www.latinamerica.uitp.org\/pt\/node\/3831\">15\u00aa Asamblea de Am\u00e9rica Latina y Seminario Regional<\/a>\" de la UITP en Rosario, Argentina, respectivamente. En los dos \u00faltimos, adem\u00e1s de asistentes, Transporte Ativo particip\u00f3 de forma activa en paneles y talleres.<\/em><\/p>\n<p><em>Estos espacios van generando inquietudes y necesidades por nuevos encuentros con generaci\u00f3n de contenido y la convocatoria de nuevos actores estrat\u00e9gicos al tema, por este motivo Transporte Ativo se propuso ofrecer en la ciudad de Rio de Janeiro un Encuentro Latinoamericano sobre Sistemas de Bicicletas P\u00fablicas y Compartidas.<\/em><\/p>\n<\/div><div style=\"color:#0a0a0a;font-size:16px\" id=\"tab-11228-1520950894403\" class=\"tabs-content\"><div class=\"wpts_cl\" style=\"text-align: left;\">\u00a0 \u00a0 \u00a0 Patroc\u00ednio\u00a0 \u00a0 \u00a0 \u00a0 \u00a0 \u00a0 \u00a0 \u00a0 \u00a0 \u00a0 \u00a0 \u00a0 \u00a0 \u00a0 \u00a0 \u00a0 \u00a0 \u00a0 \u00a0 \u00a0 \u00a0 \u00a0 \u00a0 \u00a0 \u00a0 \u00a0 \u00a0 \u00a0 \u00a0 \u00a0Apoio<\/div>\n<div class=\"wpts_cl\" style=\"text-align: center;\">\u00a0<a href=\"https:\/\/bikeitau.com.br\/\"><img loading=\"lazy\" decoding=\"async\" class=\"alignnone wp-image-11238\" src=\"http:\/\/transporteativo.org.br\/ta\/wp-content\/uploads\/2018\/03\/itau_masterbrand_volumetrica.png\" alt=\"itau_masterbrand_volumetrica\" width=\"92\" height=\"92\" \/><\/a>\u00a0\u00a0\u00a0 \u00a0 \u00a0 \u00a0 \u00a0 \u00a0 \u00a0 \u00a0 \u00a0 \u00a0 \u00a0 \u00a0 \u00a0 \u00a0 \u00a0 \u00a0 \u00a0 \u00a0 \u00a0\u00a0 <a href=\"http:\/\/tembici.com.br\/\"><img loading=\"lazy\" decoding=\"async\" class=\"alignnone wp-image-11239 size-full\" src=\"http:\/\/transporteativo.org.br\/ta\/wp-content\/uploads\/2018\/03\/Tembici.png\" alt=\"Tembici\" width=\"157\" height=\"90\" \/><\/a><\/div>\n<div id=\"tabs-7581-0-4\" class=\"ui-tabs-panel ui-widget-content ui-corner-bottom\">\n<p><a href=\"https:\/\/bikeitau.com.br\/\" target=\"_blank\">\u00a0\u00a0\u00a0 <\/a><img loading=\"lazy\" decoding=\"async\" class=\"alignnone size-full wp-image-11118\" src=\"http:\/\/transporteativo.org.br\/ta\/wp-content\/uploads\/2018\/02\/IMG_4409.jpg\" alt=\"IMG_4409\" width=\"850\" height=\"332\" srcset=\"https:\/\/transporteativo.org.br\/ta\/wp-content\/uploads\/2018\/02\/IMG_4409.jpg 850w, https:\/\/transporteativo.org.br\/ta\/wp-content\/uploads\/2018\/02\/IMG_4409-300x117.jpg 300w, https:\/\/transporteativo.org.br\/ta\/wp-content\/uploads\/2018\/02\/IMG_4409-768x300.jpg 768w\" sizes=\"auto, (max-width: 850px) 100vw, 850px\" \/><\/p>\n<\/div>\n<\/div><\/div>\n","protected":false},"excerpt":{"rendered":"<p> <a class=\"more-link\" href=\"https:\/\/transporteativo.org.br\/ta\/?page_id=11230\"><\/a><\/p>\n","protected":false},"author":2,"featured_media":11259,"parent":0,"menu_order":0,"comment_status":"closed","ping_status":"closed","template":"","meta":{"_exactmetrics_skip_tracking":false,"_exactmetrics_sitenote_active":false,"_exactmetrics_sitenote_note":"","_exactmetrics_sitenote_category":0,"footnotes":""},"class_list":["post-11230","page","type-page","status-publish","has-post-thumbnail","hentry"],"_links":{"self":[{"href":"https:\/\/transporteativo.org.br\/ta\/index.php?rest_route=\/wp\/v2\/pages\/11230","targetHints":{"allow":["GET"]}}],"collection":[{"href":"https:\/\/transporteativo.org.br\/ta\/index.php?rest_route=\/wp\/v2\/pages"}],"about":[{"href":"https:\/\/transporteativo.org.br\/ta\/index.php?rest_route=\/wp\/v2\/types\/page"}],"author":[{"embeddable":true,"href":"https:\/\/transporteativo.org.br\/ta\/index.php?rest_route=\/wp\/v2\/users\/2"}],"replies":[{"embeddable":true,"href":"https:\/\/transporteativo.org.br\/ta\/index.php?rest_route=%2Fwp%2Fv2%2Fcomments&post=11230"}],"version-history":[{"count":8,"href":"https:\/\/transporteativo.org.br\/ta\/index.php?rest_route=\/wp\/v2\/pages\/11230\/revisions"}],"predecessor-version":[{"id":11256,"href":"https:\/\/transporteativo.org.br\/ta\/index.php?rest_route=\/wp\/v2\/pages\/11230\/revisions\/11256"}],"wp:featuredmedia":[{"embeddable":true,"href":"https:\/\/transporteativo.org.br\/ta\/index.php?rest_route=\/wp\/v2\/media\/11259"}],"wp:attachment":[{"href":"https:\/\/transporteativo.org.br\/ta\/index.php?rest_route=%2Fwp%2Fv2%2Fmedia&parent=11230"}],"curies":[{"name":"wp","href":"https:\/\/api.w.org\/{rel}","templated":true}]}}