{"id":15561,"date":"2022-03-10T11:42:23","date_gmt":"2022-03-10T14:42:23","guid":{"rendered":"http:\/\/transporteativo.org.br\/ta\/?page_id=15561"},"modified":"2024-08-09T12:37:36","modified_gmt":"2024-08-09T15:37:36","slug":"15561-2","status":"publish","type":"page","link":"https:\/\/transporteativo.org.br\/ta\/?page_id=15561","title":{"rendered":""},"content":{"rendered":"<h2>Perfil do Ciclista 2021<\/h2>\n<p style=\"text-align: justify;\">Esta publica\u00e7\u00e3o tem como objetivo apresentar os principais resultados da terceira edi\u00e7\u00e3o da Pesquisa Perfil Ciclistas e suas motiva\u00e7\u00f5es para utilizar a bicicleta. Nesta terceira edi\u00e7\u00e3o, foram entrevistados 10630 ciclistas em 16 cidades das diferentes regi\u00f5es brasileiras: Bel\u00e9m (PA), Botucatu (SP), Bras\u00edlia (DF), Cabo Frio (RJ), Campo Grande (MS), Campos dos Goytacazes (RJ), Ilhabela (SP), Macei\u00f3 (AL), Mogi das Cruzes (SP), Niteroi (RJ), Petr\u00f3polis (RJ), Porto Alegre (RS), Recife (PE), Rio de Janeiro (RJ), Salvador (BA) e S\u00e3o Paulo (SP).<\/p>\n<p style=\"text-align: justify;\">A pesquisa foi organizada pela Transporte Ativo e pelo LABMOB-UFRJ, e contou com uma extensa rede de organiza\u00e7\u00f5es colaboradoras que levaram a campo, entre setembro e dezembro de 2021 mais de 200 pesquisadores. Devido a abrang\u00eancia e a complexidade da pesquisa, a sua concretiza\u00e7\u00e3o s\u00f3 foi poss\u00edvel atrav\u00e9s da\u00a0 participa\u00e7\u00e3o e engajamento de todos envolvidos, fruto de um grande esfor\u00e7o de a\u00e7\u00e3o coletiva e volunt\u00e1ria. Os resultados sint\u00e9ticos apresentados aqui revelam as principais tend\u00eancias do deslocamento por bicicleta no cen\u00e1rio de v\u00e1rias cidades brasileiras.<\/p>\n<p>Essa pesquisa \u00e9 promissora e inovadora por unir esfor\u00e7os na\u00a0 escala nacional na produ\u00e7\u00e3o de conhecimento sobre os usu\u00e1rios e o uso da bicicleta como transporte urbano e na promo\u00e7\u00e3o desse modal. Como aplica\u00e7\u00e3o imediata dos dados coletados e analisados nesta pesquisa, temos o fornecimento de subs\u00eddios para que gestores p\u00fablicos, urbanistas e outros atores envolvidos formulem uma agenda mais precisa e robusta de pol\u00edticas p\u00fablicas e a\u00e7\u00f5es de promo\u00e7\u00e3o do transporte ciclovi\u00e1rio.<\/p>\n<p>Para baixar o livreto com os resultados basta <a href=\"http:\/\/bit.ly\/PPerfil21\" target=\"_blank\">clicar aqui<\/a>.<br \/>\nConhe\u00e7a os resultados detalhados <a href=\"http:\/\/bit.ly\/Ciclista21\" target=\"_blank\">clicando aqui<\/a>.<br \/>\nAcesse o Painel de Controle\u00a0 <a href=\"https:\/\/transporteativo.shinyapps.io\/ppcb21\/\" target=\"_blank\">clicando aqui<\/a>.<\/p>\n<p>Veja a convocat\u00f3ria e os resultados das Pesquisas anteriores <a href=\"http:\/\/transporteativo.org.br\/ta\/?page_id=14692\" target=\"_blank\">clicando aqui<\/a>.<\/p>\n","protected":false},"excerpt":{"rendered":"<p> <a class=\"more-link\" href=\"https:\/\/transporteativo.org.br\/ta\/?page_id=15561\"><\/a><\/p>\n","protected":false},"author":2,"featured_media":15552,"parent":0,"menu_order":0,"comment_status":"closed","ping_status":"closed","template":"","meta":{"_exactmetrics_skip_tracking":false,"_exactmetrics_sitenote_active":false,"_exactmetrics_sitenote_note":"","_exactmetrics_sitenote_category":0,"footnotes":""},"class_list":["post-15561","page","type-page","status-publish","has-post-thumbnail","hentry"],"_links":{"self":[{"href":"https:\/\/transporteativo.org.br\/ta\/index.php?rest_route=\/wp\/v2\/pages\/15561","targetHints":{"allow":["GET"]}}],"collection":[{"href":"https:\/\/transporteativo.org.br\/ta\/index.php?rest_route=\/wp\/v2\/pages"}],"about":[{"href":"https:\/\/transporteativo.org.br\/ta\/index.php?rest_route=\/wp\/v2\/types\/page"}],"author":[{"embeddable":true,"href":"https:\/\/transporteativo.org.br\/ta\/index.php?rest_route=\/wp\/v2\/users\/2"}],"replies":[{"embeddable":true,"href":"https:\/\/transporteativo.org.br\/ta\/index.php?rest_route=%2Fwp%2Fv2%2Fcomments&post=15561"}],"version-history":[{"count":9,"href":"https:\/\/transporteativo.org.br\/ta\/index.php?rest_route=\/wp\/v2\/pages\/15561\/revisions"}],"predecessor-version":[{"id":18774,"href":"https:\/\/transporteativo.org.br\/ta\/index.php?rest_route=\/wp\/v2\/pages\/15561\/revisions\/18774"}],"wp:featuredmedia":[{"embeddable":true,"href":"https:\/\/transporteativo.org.br\/ta\/index.php?rest_route=\/wp\/v2\/media\/15552"}],"wp:attachment":[{"href":"https:\/\/transporteativo.org.br\/ta\/index.php?rest_route=%2Fwp%2Fv2%2Fmedia&parent=15561"}],"curies":[{"name":"wp","href":"https:\/\/api.w.org\/{rel}","templated":true}]}}