{"id":17487,"date":"2023-08-06T12:46:36","date_gmt":"2023-08-06T15:46:36","guid":{"rendered":"http:\/\/transporteativo.org.br\/ta\/?page_id=17487"},"modified":"2023-11-08T14:18:00","modified_gmt":"2023-11-08T17:18:00","slug":"17487-2","status":"publish","type":"page","link":"https:\/\/transporteativo.org.br\/ta\/?page_id=17487","title":{"rendered":""},"content":{"rendered":"<p style=\"text-align: justify;\">Nosso <a href=\"http:\/\/transporteativo.org.br\/ta\/?p=3898\" target=\"_blank\">envolvimento de longa data<\/a> com a ciclolog\u00edstica e as bicicletas de carga nos levou ao International Cargo Bike Festival em <a href=\"https:\/\/cargobikefestival.com\/magazine\/the-icbf-magazine-2017\/\" target=\"_blank\">Nijmegen 2017<\/a> e em <a href=\"http:\/\/transporteativo.org.br\/ta\/?p=16222\" target=\"_blank\">Amsterdam 2022<\/a>.\u00a0Neste surgiu a ideia de realizarmos um mini festival desses no Rio de Janeiro, para possibilitar aos interessados daqui, terem informa\u00e7\u00f5es sobre\u00a0ciclologistica\u00a0pelo mundo. Ao mesmo tempo em que visitantes estrangeiros possam conhecer pessoalmente algo que j\u00e1 acontece aqui e \u00e9 surpreendente para europeus.<\/p>\n<p style=\"text-align: justify;\">Esse momento chegou! Vamos trazer \u00e0 tona este tema de grande import\u00e2ncia para a melhoria de nossos grandes centros urbanos, ainda pouco conhecido e explorado em nosso pa\u00eds, embora j\u00e1 t\u00e3o presente,\u00a0fazendo um\u00a0interc\u00e2mbio com os organizadores do <a href=\"https:\/\/cargobikefestival.com\/\" target=\"_blank\">International Cargo Bike Festival<\/a>. Com apresenta\u00e7\u00f5es e troca de informa\u00e7\u00f5es entre envolvidos com Log\u00edstica em Bicicletas, entregas na \u00faltima milha, descarboniza\u00e7\u00e3o dos transportes e cidades mais limpas e eficientes, o evento tem como p\u00fablico alvo: t\u00e9cnicos e gestores da Prefeitura do Rio, estudantes de Urbanismo, Transportes, Pesquisadores, pessoas envolvidas com a promo\u00e7\u00e3o da mobilidade por bicicletas e interessados no assunto.<\/p>\n<p style=\"text-align: justify;\">Al\u00e9m da participa\u00e7\u00e3o dos organizadores do International Cargo Bike Festival, haver\u00e1 apresenta\u00e7\u00f5es sobre o projeto piloto com Bicicletas de carga no Distrito de Baixa Emiss\u00e3o em parceria com a <a href=\"https:\/\/ecf.com\/\" target=\"_blank\">ECF<\/a> e EPL &#8211; Escrit\u00f3rio de Planejamento da Cidade do Rio de Janeiro, uma roda de conversa \/ debate com o tema &#8220;Bicicletas de Carga e Ciclolog\u00edstica \u00b7 Desafios e Perspectivas&#8221; e a entrega do <a href=\"http:\/\/transporteativo.org.br\/ta\/?page_id=9592\" target=\"_blank\">X Pr\u00eamio Promovendo a Mobilidade por Bicicletas no Brasil<\/a>.<\/p>\n<p style=\"text-align: justify;\"><img loading=\"lazy\" decoding=\"async\" class=\"alignnone size-full wp-image-17633\" src=\"http:\/\/transporteativo.org.br\/ta\/wp-content\/uploads\/2023\/06\/PPMBB2ECBC.jpg\" alt=\"PPMBB2ECBC\" width=\"1409\" height=\"65\" srcset=\"https:\/\/transporteativo.org.br\/ta\/wp-content\/uploads\/2023\/06\/PPMBB2ECBC.jpg 1409w, https:\/\/transporteativo.org.br\/ta\/wp-content\/uploads\/2023\/06\/PPMBB2ECBC-300x14.jpg 300w, https:\/\/transporteativo.org.br\/ta\/wp-content\/uploads\/2023\/06\/PPMBB2ECBC-768x35.jpg 768w, https:\/\/transporteativo.org.br\/ta\/wp-content\/uploads\/2023\/06\/PPMBB2ECBC-1024x47.jpg 1024w\" sizes=\"auto, (max-width: 1409px) 100vw, 1409px\" \/><\/p>\n<p style=\"text-align: justify;\">O 2\u00ba Encontro Carioca de Bicicletas de Carga, conta com apoio e parceria do <a href=\"https:\/\/bikeitau.com.br\/\" target=\"_blank\">Ita\u00fa Unibanco<\/a>, <a href=\"https:\/\/www.holandaevoce.nl\/o-seu-pais-e-os-paises-baixos\/brasil\/quem-somos\/consulado-rio-de-janeiro\" target=\"_blank\">Consulado Geral dos Pa\u00edses Baixos<\/a> no Rio,\u00a0 <a href=\"https:\/\/trabalho.prefeitura.rio\/\" target=\"_blank\">Secretaria Municipal de Trabalho e Renda<\/a> e do <a href=\"https:\/\/planeta.rio\/\" target=\"_blank\">Planet\u00e1rio<\/a>,\u00a0local do encontro que acontecer\u00e1 nos dias 15 e 16 de setembro de 2023.<\/p>\n<p style=\"text-align: justify;\">Reserve a data, <a href=\"https:\/\/form.jotform.com\/231985807865069\" target=\"_blank\">fa\u00e7a sua inscri\u00e7\u00e3o<\/a> e confira abaixo a programa\u00e7\u00e3o!<\/p>\n<h4 style=\"text-align: justify;\"><span style=\"color: #000000;\"><a style=\"color: #000000;\" href=\"https:\/\/form.jotform.com\/231985807865069\" target=\"_blank\"><strong>Inscreva-se clicando aqui.<\/strong><\/a><\/span><\/h4>\n<p>&nbsp;<\/p>\n<h5><strong>Programa\u00e7\u00e3o:<br \/>\n<\/strong><\/h5>\n<p><strong>Dias 15 e 16 de setembro de 2023, das 10h \u00e0s 17h.<\/strong><br \/>\n<strong>Planet\u00e1rio da G\u00e1vea.<\/strong><br \/>\n<strong>Rua Vice-Governador R\u00fabens Berardo, 100 &#8211; G\u00e1vea, Rio de Janeiro. <\/strong><\/p>\n<p><strong>Sexta feira dia 15 de setembro:<br \/>\n<\/strong>MANH\u00c3<br \/>\n<em>Credenciamento a partir das 9:00h<\/em><\/p>\n<p><strong>10:00 \u00e0s 10:30<br \/>\nAbertura.<\/strong><\/p>\n<p><strong>10:30 \u00e0s 11:15<br \/>\nBicicletas de Carga no Distrito de Baixa Emiss\u00e3o:<br \/>\n\u2022 <\/strong>O Distrito de Baixa Emiss\u00e3o.<br \/>\nEscrit\u00f3rio de Planejamento da Prefeitura do Rio \u2013 EPL<\/p>\n<p>\u2022 Programa SCAP Cargo Bikes no Rio (Projeto em parceria com a ECF European Cyclists Federation), onde foram emprestadas 7 bicicletas de carga para diferentes departamentos da Prefeitura experimentarem por um ano.<br \/>\nTransporte Ativo<\/p>\n<p><strong>11:15h \u00e0s 12:45h<br \/>\nRodas de Conversa \/ Debate &#8220;Panorama, Desafios e Perspectivas&#8221;<br \/>\n<\/strong>Os debatedores dar\u00e3o um breve panorama de seu trabalho e nos apresentar\u00e3o os desafios e perspectivas. Ao final ser\u00e1 aberto para perguntas entre eles e do p\u00fablico.<\/p>\n<p>Modera\u00e7\u00e3o <strong>Renata Falzoni<\/strong><\/p>\n<p><strong>Debate 1: O Entregador. <\/strong>11:15 \u00e0s 12<strong>:<\/strong>00<strong><br \/>\n<\/strong><strong>\u2022 Everton Gomes<\/strong>, Secret\u00e1rio Municipal de Trabalho e Renda &#8211; Ciclolog\u00edstica e empregos verdes.<br \/>\n<strong>\u2022 Goura Nataraj<\/strong>, Deputado Estadual no Paran\u00e1 &#8211; Legisla\u00e7\u00e3o voltada \u00e0 ciclolog\u00edstica com a qual est\u00e1 envolvido.<br \/>\n<strong>\u2022 Heloisa Ribeiro<\/strong> \u00b7 Aro60 &#8211; Projeto Mais Biciclet\u00e1rios e seu suporte para entregadores.<\/p>\n<p><strong>Debate 2: A Bicicleta de Carga.\u00a0 <\/strong>12:00 \u00e0s 12:45<br \/>\n<strong>\u2022 Mar\u00edlia Lessa<\/strong> \u00b7 Tembici, A experi\u00eancia da Tembici com bicicletas de carga compartilhadas em Bogot\u00e1.<br \/>\n<strong>\u2022 Manuela Castro e Andres Mora<\/strong> \u00b7 Ol\u00e9 Bicicletas, fabricante local de bicicletas de carga e triciclos.<br \/>\n\u2022 <strong>Renato Barreto e Tatiane<\/strong> \u00b7 Pal\u00e1cio dos Triciclos, fabricante local de bicicletas de carga e triciclos.<strong><br \/>\n<\/strong><\/p>\n<p>TARDE<br \/>\n<strong>14:00 \u00e0s 15:00<br \/>\nEntrega de pr\u00eamios<br \/>\n<\/strong>10\u00aa Edi\u00e7\u00e3o do Pr\u00eamio <a href=\"http:\/\/transporteativo.org.br\/ta\/?page_id=9592\">Promovendo a Mobilidade por Bicicletas no Brasil<br \/>\n<\/a>Categorias<em> A\u00e7\u00e3o Educativa e de Conscientiza\u00e7\u00e3o | Levantamento de Dados e Pesquisas | Empreendedorismo<\/em><\/p>\n<p><strong>15:00 \u00e0s 15:30<br \/>\nAs Bicicletas de Carga do Rio.<br \/>\n<\/strong>Um panorama atual das bicicletas de carga no Rio.<br \/>\n<strong>Z\u00e9 Lobo<\/strong><\/p>\n<p><strong>15:30 \u00e0s 17:00<br \/>\nAs Bicicletas de Carga pelo Mundo<\/strong>.<br \/>\nOs organizadores do <a href=\"https:\/\/cargobikefestival.com\/\">International Cargo Bike Festival<\/a>, Jos Sluijsmans e Tom Parr, nos apresentar\u00e3o um panorama sobre o tema ao redor do mundo.<\/p>\n<h5><img loading=\"lazy\" decoding=\"async\" class=\"alignleft\" title=\"Jos_Sluijsmans\" src=\"https:\/\/cargobikefestival.com\/wp-content\/uploads\/elementor\/thumbs\/Jos_Sluijsmans-e1665925974297-pwasr94uugcj3l44trg62z9uuh6sm699p9x8hnrhyw.jpg\" alt=\"Jos Sluijsmans - ICBF\" width=\"150\" height=\"150\" \/><\/h5>\n<p><strong><em>Jos Sluijsmans<\/em><\/strong><br \/>\nIdealizador e Diretor do Festival Internacional de Bicicletas de Carga.<br \/>\nDesde 2004, Jos Sluijsmans dedica sua vida profissional \u00e0 promo\u00e7\u00e3o da bicicleta de carga, ciclismo e log\u00edstica cicl\u00edstica como o meio de transporte mais saud\u00e1vel, sustent\u00e1vel, inclusivo e eficiente.<\/p>\n<p><span style=\"color: #ffffff;\">.<\/span><\/p>\n<p><img loading=\"lazy\" decoding=\"async\" class=\"alignleft\" title=\"Tom Parr Portrait\" src=\"https:\/\/cargobikefestival.com\/wp-content\/uploads\/elementor\/thumbs\/Tom-Parr-Portrait-e1666692031130-pwq8d12exv9rphf3i51ms3nco0zbqwx60vhiogxj20.jpg\" alt=\"Tom Parr Portrait\" width=\"150\" height=\"150\" \/><strong><em>Tom Parr<\/em><\/strong><br \/>\nCo-organizador do Festival Internacional de Bicicletas de Carga.<br \/>\nTom trabalhou na ind\u00fastria do ciclismo por mais de uma d\u00e9cada, em Londres, Sydney e Amsterdam \u2013 onde ele vive atualmente. Tom est\u00e1 envolvido com pessoas de todo o mundo, escreve regularmente sobre todos os aspectos da ind\u00fastria de bicicletas de carga e \u00e9 editor da revista ICBF.<\/p>\n<p>&nbsp;<\/p>\n<p><strong>Encerramento<\/strong><strong>.<\/strong><\/p>\n<p><strong>S\u00e1bado dia 16 de setembro:<br \/>\n10:00 &#8211; 16:00<\/strong><br \/>\nMini Exposi\u00e7\u00e3o \/ Encontro de Bicicletas de Carga, nos Jardins do Planet\u00e1rio.<br \/>\nBate Papo \/ Troca de Ideias com Jos, Tom e diversos outros participantes.<\/p>\n<p><span style=\"color: #ffffff;\">.<\/span><\/p>\n<p>Mais sobre Ciclolog\u00edstica e Bicicletas de Carga nos links abaixo:<br \/>\n<a href=\"http:\/\/transporteativo.org.br\/ta\/?page_id=10300\" target=\"_blank\">Bicicletas &amp; Log\u00edstica<\/a><br \/>\n<a href=\"http:\/\/transporteativo.org.br\/ta\/?p=17108\" target=\"_blank\">1\u00ba Encontro Carioca de Bicicletas de Carga<br \/>\n<\/a><a href=\"http:\/\/transporteativo.org.br\/ta\/?p=3898\" target=\"_blank\">Cycling Visionary Award<br \/>\n<\/a><a href=\"http:\/\/transporteativo.org.br\/ta\/?page_id=13436\" target=\"_blank\">4 guias para promover as Bicicletas de Carga<\/a><br \/>\n<a href=\"http:\/\/transporteativo.org.br\/ta\/?cat=144\" target=\"_blank\">Bicicletas de Carga no Site TA<\/a><a href=\"http:\/\/transporteativo.org.br\/ta\/?cat=144\" target=\"_blank\"><br \/>\n<\/a><a href=\"https:\/\/www.cargobike.jetzt\/english\/\" target=\"_blank\">Cargobike jetzt<br \/>\n<\/a><a href=\"https:\/\/ecf.com\/tracker-cargo-bike-friendly-cities\" target=\"_blank\">ECF Tracker: Cargo bike friendly cities<\/a><\/p>\n<p><a href=\"http:\/\/transporteativo.org.br\/ta\/?p=17881\" target=\"_blank\">Veja como foi o evento<\/a>.<\/p>\n<p><span style=\"color: #ffffff;\">.<\/span><\/p>\n<p><img loading=\"lazy\" decoding=\"async\" class=\"wp-image-17702 size-large aligncenter\" src=\"http:\/\/transporteativo.org.br\/ta\/wp-content\/uploads\/2023\/07\/logos3-1024x88.png\" alt=\"logos3\" width=\"860\" height=\"74\" srcset=\"https:\/\/transporteativo.org.br\/ta\/wp-content\/uploads\/2023\/07\/logos3-1024x88.png 1024w, https:\/\/transporteativo.org.br\/ta\/wp-content\/uploads\/2023\/07\/logos3-300x26.png 300w, https:\/\/transporteativo.org.br\/ta\/wp-content\/uploads\/2023\/07\/logos3-768x66.png 768w\" sizes=\"auto, (max-width: 860px) 100vw, 860px\" \/><\/p>\n<div id=\"acfifjfajpekbmhmjppnmmjgmhjkildl\" class=\"acfifjfajpekbmhmjppnmmjgmhjkildl\"><\/div>\n","protected":false},"excerpt":{"rendered":"<p> <a class=\"more-link\" href=\"https:\/\/transporteativo.org.br\/ta\/?page_id=17487\"><\/a><\/p>\n","protected":false},"author":2,"featured_media":17728,"parent":0,"menu_order":0,"comment_status":"closed","ping_status":"closed","template":"","meta":{"_exactmetrics_skip_tracking":false,"_exactmetrics_sitenote_active":false,"_exactmetrics_sitenote_note":"","_exactmetrics_sitenote_category":0,"footnotes":""},"class_list":["post-17487","page","type-page","status-publish","has-post-thumbnail","hentry"],"_links":{"self":[{"href":"https:\/\/transporteativo.org.br\/ta\/index.php?rest_route=\/wp\/v2\/pages\/17487","targetHints":{"allow":["GET"]}}],"collection":[{"href":"https:\/\/transporteativo.org.br\/ta\/index.php?rest_route=\/wp\/v2\/pages"}],"about":[{"href":"https:\/\/transporteativo.org.br\/ta\/index.php?rest_route=\/wp\/v2\/types\/page"}],"author":[{"embeddable":true,"href":"https:\/\/transporteativo.org.br\/ta\/index.php?rest_route=\/wp\/v2\/users\/2"}],"replies":[{"embeddable":true,"href":"https:\/\/transporteativo.org.br\/ta\/index.php?rest_route=%2Fwp%2Fv2%2Fcomments&post=17487"}],"version-history":[{"count":71,"href":"https:\/\/transporteativo.org.br\/ta\/index.php?rest_route=\/wp\/v2\/pages\/17487\/revisions"}],"predecessor-version":[{"id":17969,"href":"https:\/\/transporteativo.org.br\/ta\/index.php?rest_route=\/wp\/v2\/pages\/17487\/revisions\/17969"}],"wp:featuredmedia":[{"embeddable":true,"href":"https:\/\/transporteativo.org.br\/ta\/index.php?rest_route=\/wp\/v2\/media\/17728"}],"wp:attachment":[{"href":"https:\/\/transporteativo.org.br\/ta\/index.php?rest_route=%2Fwp%2Fv2%2Fmedia&parent=17487"}],"curies":[{"name":"wp","href":"https:\/\/api.w.org\/{rel}","templated":true}]}}