{"id":20136,"date":"2025-12-02T11:51:44","date_gmt":"2025-12-02T14:51:44","guid":{"rendered":"https:\/\/transporteativo.org.br\/ta\/?page_id=20136"},"modified":"2025-12-02T11:51:44","modified_gmt":"2025-12-02T14:51:44","slug":"boletim-mensal-ta-174-novembro-2025","status":"publish","type":"page","link":"https:\/\/transporteativo.org.br\/ta\/?page_id=20136","title":{"rendered":"Boletim Mensal TA #174 | Novembro 2025"},"content":{"rendered":"<div class=\"entry-content\">\n<h4 class=\"entry-container\"><span style=\"color: #000080;\"><strong>2\u00ba Festival Bike de Cria<\/strong><\/span><\/h4>\n<div class=\"entry-container\" style=\"text-align: justify;\">Pelo segundo ano consecutivo, apoiamos o Festival Bike de Cria, organizado pelo Pedala Queimados, na cidade hom\u00f4nima na Regi\u00e3o Metropolitana do Rio de Janeiro. O Festival \u00e9 uma a\u00e7\u00e3o sociocultural e esportiva, que promove o ciclismo, a cultura de periferia e a valoriza\u00e7\u00e3o da juventude da Baixada Fluminense. O tema este ano foi &#8220;COP30 ocorre aqui&#8221;, conectando sustentabilidade, mobilidade urbana e o protagonismo das quebradas. \u00c9 sempre uma honra contribuir para este tipo de atividade.<\/div>\n<div class=\"entry-container\"><img loading=\"lazy\" decoding=\"async\" class=\"alignnone size-full wp-image-20190\" src=\"https:\/\/transporteativo.org.br\/ta\/wp-content\/uploads\/2025\/11\/1741.jpg\" alt=\"1741\" width=\"300\" height=\"170\" \/><\/div>\n<div class=\"entry-container\"><strong>\u2026..\u2026\u2026\u2026\u2026\u2026\u2026\u2026\u2026\u2026\u2026\u2026\u2026\u2026\u2026\u2026\u2026\u2026\u2026\u2026\u2026\u2026\u2026\u2026\u2026\u2026\u2026\u2026\u2026\u2026..<\/strong><\/div>\n<div class=\"entry-container\"><\/div>\n<div class=\"entry-container\">\n<h4 class=\"entry-container\"><span style=\"color: #000080;\"><strong>Bicicleta nos Planos \u00e9 Premiado no Bicicleta Brasil<\/strong><\/span><\/h4>\n<div class=\"entry-container\" style=\"text-align: justify;\">O projeto Bicicleta nos Planos, realizado em parceria com a Rede Bike Anjo e a Uni\u00e3o de Ciclistas do Brasil em 2016, foi agraciado com a primeira coloca\u00e7\u00e3o na categoria Planejamento\/Sociedade Civil, nesta segunda rodada do pr\u00eamio. Mais uma vez,\u00a0um privil\u00e9gio estar entre projetos t\u00e3o bacanas que realmente fazem a diferen\u00e7a na promo\u00e7\u00e3o do uso de bicicletas em nosso pa\u00eds.<\/div>\n<div class=\"entry-container\"><span class=\"breadcrumb-leaf\"><img loading=\"lazy\" decoding=\"async\" class=\"alignnone size-full wp-image-20160\" src=\"https:\/\/transporteativo.org.br\/ta\/wp-content\/uploads\/2025\/11\/pbb251.jpg\" alt=\"pbb251\" width=\"278\" height=\"168\" \/>\u00a0\u00a0<a href=\"https:\/\/www.mobilize.org.br\/estudos\/254\/bicicleta-nos-planos.html\" target=\"_blank\">Saiba mais e conhe\u00e7a a cartilha<\/a>.<\/span><\/div>\n<div class=\"entry-container\"><strong>\u2026..\u2026\u2026\u2026\u2026\u2026\u2026\u2026\u2026\u2026\u2026\u2026\u2026\u2026\u2026\u2026\u2026\u2026\u2026\u2026\u2026\u2026\u2026\u2026\u2026\u2026\u2026\u2026\u2026\u2026..<\/strong><\/div>\n<div class=\"entry-container\"><\/div>\n<div class=\"entry-container\">\n<h4 class=\"entry-container\"><span style=\"color: #000080;\"><strong>CTB de Bolso<\/strong><\/span><\/h4>\n<div class=\"entry-container\" style=\"text-align: justify;\">No Rio de Janeiro est\u00e1 havendo uma retomada das Bicicletas Fixas e do Bike Polo, com uma galera nova que vem com for\u00e7a total renovando e acrescentando \u00e0 cultura das bicicletas. Nesse contexto de renova\u00e7\u00e3o, nada melhor que trazer informa\u00e7\u00e3o de qualidade. E assim fizemos aceitando de imediato o pedido por CTBs de Bolso para serem distribu\u00eddos para essa galera. Eram nosso \u00faltimos e poucos exemplares, mas cumprir\u00e3o seu papel. J\u00e1 estamos articulando uma nova tiragem, para seguirmos distribuindo essa importante ferramenta de conhecimento.<\/div>\n<div class=\"entry-container\"><span class=\"breadcrumb-leaf\"><img loading=\"lazy\" decoding=\"async\" class=\"alignnone size-full wp-image-20191\" src=\"https:\/\/transporteativo.org.br\/ta\/wp-content\/uploads\/2025\/11\/1743.jpg\" alt=\"1743\" width=\"300\" height=\"170\" \/>\u00a0 <a href=\"https:\/\/transporteativo.org.br\/ta\/?page_id=29\" target=\"_blank\">Saiba mais sobre o CTB de Bolso<\/a>.<\/span><\/div>\n<div class=\"entry-container\"><strong>\u2026..\u2026\u2026\u2026\u2026\u2026\u2026\u2026\u2026\u2026\u2026\u2026\u2026\u2026\u2026\u2026\u2026\u2026\u2026\u2026\u2026\u2026\u2026\u2026\u2026\u2026\u2026\u2026\u2026\u2026..<\/strong><\/div>\n<p class=\"entry-container\"><span style=\"color: #ffffff;\">.<\/span><\/p>\n<p class=\"entry-container\">Em breve mais novidades divulgando as a\u00e7\u00f5es e informa\u00e7\u00f5es envolvendo a TA.<\/p>\n<p class=\"entry-container\">Sauda\u00e7\u00f5es e for\u00e7a nos pedais, nas rodas e nos p\u00e9s.<\/p>\n<p class=\"entry-container\">Transporte Ativo<\/p>\n<\/div>\n<\/div>\n<\/div>\n","protected":false},"excerpt":{"rendered":"<p> <a class=\"more-link\" href=\"https:\/\/transporteativo.org.br\/ta\/?page_id=20136\"><\/a><\/p>\n","protected":false},"author":1,"featured_media":0,"parent":9037,"menu_order":0,"comment_status":"closed","ping_status":"closed","template":"","meta":{"_exactmetrics_skip_tracking":false,"_exactmetrics_sitenote_active":false,"_exactmetrics_sitenote_note":"","_exactmetrics_sitenote_category":0,"footnotes":""},"class_list":["post-20136","page","type-page","status-publish","hentry"],"_links":{"self":[{"href":"https:\/\/transporteativo.org.br\/ta\/index.php?rest_route=\/wp\/v2\/pages\/20136","targetHints":{"allow":["GET"]}}],"collection":[{"href":"https:\/\/transporteativo.org.br\/ta\/index.php?rest_route=\/wp\/v2\/pages"}],"about":[{"href":"https:\/\/transporteativo.org.br\/ta\/index.php?rest_route=\/wp\/v2\/types\/page"}],"author":[{"embeddable":true,"href":"https:\/\/transporteativo.org.br\/ta\/index.php?rest_route=\/wp\/v2\/users\/1"}],"replies":[{"embeddable":true,"href":"https:\/\/transporteativo.org.br\/ta\/index.php?rest_route=%2Fwp%2Fv2%2Fcomments&post=20136"}],"version-history":[{"count":12,"href":"https:\/\/transporteativo.org.br\/ta\/index.php?rest_route=\/wp\/v2\/pages\/20136\/revisions"}],"predecessor-version":[{"id":20211,"href":"https:\/\/transporteativo.org.br\/ta\/index.php?rest_route=\/wp\/v2\/pages\/20136\/revisions\/20211"}],"up":[{"embeddable":true,"href":"https:\/\/transporteativo.org.br\/ta\/index.php?rest_route=\/wp\/v2\/pages\/9037"}],"wp:attachment":[{"href":"https:\/\/transporteativo.org.br\/ta\/index.php?rest_route=%2Fwp%2Fv2%2Fmedia&parent=20136"}],"curies":[{"name":"wp","href":"https:\/\/api.w.org\/{rel}","templated":true}]}}