{"id":90,"date":"2016-09-17T13:54:53","date_gmt":"2016-09-17T13:54:53","guid":{"rendered":"http:\/\/transporteativo.org.br\/ta\/?page_id=90"},"modified":"2025-09-10T13:56:52","modified_gmt":"2025-09-10T16:56:52","slug":"bicicletarios","status":"publish","type":"page","link":"https:\/\/transporteativo.org.br\/ta\/?page_id=90","title":{"rendered":"Biciclet\u00e1rios"},"content":{"rendered":"<p align=\"left\">Acione os links abaixo para baixar os arquivos.<\/p>\n<p align=\"left\"><strong><img loading=\"lazy\" decoding=\"async\" class=\"alignnone size-full wp-image-126\" src=\"http:\/\/transporteativo.org.br\/ta\/wp-content\/uploads\/2016\/09\/TA_favicon_mini.png\" alt=\"transporte ativo_favicon_mini\" width=\"40\" height=\"20\" \/><\/strong><br \/>\n<strong>\u00b7<\/strong>\u00a0<a href=\"http:\/\/www.ta.org.br\/site\/Banco\/7manuais\/diagramas_bicicletario.pdf\" target=\"_blank\">Biciclet\u00e1rios, Diagramas para constru\u00e7\u00e3o e instala\u00e7\u00e3o<\/a>.<em><br \/>\n<\/em><strong><em>\u00b7\u00a0<\/em><\/strong><a href=\"http:\/\/www.ta.org.br\/site2\/Banco\/7manuais\/estacionamento_para_bicicletas_v1.pdf\" target=\"_blank\">Guia para Biciclet\u00e1rios \u2013 SusTrans \u2013 UK.<\/a><strong><br \/>\n<em>\u00b7\u00a0<\/em><\/strong><a href=\"http:\/\/www.ta.org.br\/site2\/Banco\/7manuais\/guia_bicicletarios_apbp_v6.pdf\" target=\"_blank\">Guia para Biciclet\u00e1rios da Associa\u00e7\u00e3o Americana de Pedestres e Ciclistas Profissionais.<\/a><em><br \/>\n<\/em><strong><em>\u00b7\u00a0<\/em><\/strong><a href=\"http:\/\/transporteativo.org.br\/ta\/?p=949\" target=\"_blank\">Quanto custa um biciclet\u00e1rio<\/a>.<br \/>\n<strong><em>\u00b7 <\/em><\/strong><a href=\"http:\/\/www.ta.org.br\/ciclorio\/\" target=\"_blank\">Biciclet\u00e1rios Cariocas<\/a>.<\/p>\n<p align=\"left\"><img loading=\"lazy\" decoding=\"async\" class=\"alignnone size-full wp-image-125\" src=\"http:\/\/transporteativo.org.br\/ta\/wp-content\/uploads\/2016\/09\/Mini.png\" alt=\"Transporte Ativo Mini\" width=\"40\" height=\"20\" \/><br \/>\n\u00b7 <a href=\"https:\/\/uniaodeciclistas.org.br\/biblioteca\/guia-estacionamento-bicicletas\/\" target=\"_blank\">Guia de Boas Pr\u00e1ticas para Estacionamento de Bicicletas: Paraciclos e Biciclet\u00e1rios (2\u00aa edi\u00e7\u00e3o)<\/a> &#8211; UCB.\u00a0<em><img loading=\"lazy\" decoding=\"async\" class=\"alignnone size-full wp-image-18342\" src=\"http:\/\/transporteativo.org.br\/ta\/wp-content\/uploads\/2016\/09\/Novo.jpg\" alt=\"Novo\" width=\"31\" height=\"10\" \/><\/em><br \/>\n\u00b7 <a href=\"https:\/\/www.ciclocidade.org.br\/bicicletarios\/\" target=\"_blank\">Melhores Pr\u00e1ticas em Biciclet\u00e1rios<\/a> &#8211; Ciclocidade<br \/>\n\u00b7 <a href=\"https:\/\/uniaodeciclistas.org.br\/uploads\/2017\/01\/Guia_UCB_tela.pdf\" target=\"_blank\">Guia de Boas Pr\u00e1ticas para Instala\u00e7\u00e3o de Estacionamentos de Bicicletas: Paraciclos e Biciclet\u00e1rios<\/a> &#8211; <a href=\"http:\/\/www.uniaodeciclistas.org.br\/\" target=\"_blank\">UCB<\/a><br \/>\n\u00b7 <a href=\"https:\/\/www.academia.edu\/43559895\/MINVU_BICIESTACIONAMIENTOS_EN_EL_ESPACIO_PU%C3%ACBLICO_Libro_completo_baja\" target=\"_blank\">Biciestacionamientos en el espacio p\u00fablico &#8211; MVU<\/a> &#8211; Chile <img loading=\"lazy\" decoding=\"async\" class=\"alignnone size-full wp-image-130\" src=\"http:\/\/transporteativo.org.br\/ta\/wp-content\/uploads\/2016\/09\/FlagEsp.gif\" alt=\"FlagEsp\" width=\"22\" height=\"15\" \/><br \/>\n\u00b7 <a href=\"http:\/\/www.celis.dk\/Bicycle_Parking_Manual_Screenversion.pdf\" target=\"_blank\">Manual de Estacionamentos para Bicicletas<\/a>\u00a0\u2013\u00a0<a href=\"http:\/\/www.cyklistforbundet.dk\/\" target=\"_blank\">Danish Cyclists Federation<\/a>. <img loading=\"lazy\" decoding=\"async\" class=\"alignnone size-full wp-image-129\" src=\"http:\/\/transporteativo.org.br\/ta\/wp-content\/uploads\/2016\/09\/Flagbrit.gif\" alt=\"Flagbrit\" width=\"22\" height=\"15\" \/><br \/>\n<strong>\u00b7<\/strong>\u00a0<a href=\"http:\/\/www.uv.es\/SSSQA\/mediambient\/documents\/Manual%20de%20aparcamientos%20de%20bicicletas%20del%20IDAE.pdf\" target=\"_blank\">Manual de Aparcamientos de Bicicletas<\/a>\u00a0\u2013 IDAE <img loading=\"lazy\" decoding=\"async\" class=\"alignnone size-full wp-image-130\" src=\"http:\/\/transporteativo.org.br\/ta\/wp-content\/uploads\/2016\/09\/FlagEsp.gif\" alt=\"FlagEsp\" width=\"22\" height=\"15\" \/><em><br \/>\n<\/em><em><strong>\u00b7\u00a0<\/strong><\/em><a href=\"http:\/\/www.ta.org.br\/site2\/Banco\/7manuais\/bikepark2.pdf\" target=\"_blank\">Guia para Biciclet\u00e1rios da Organiza\u00e7\u00e3o Transportation Alternatives. <\/a><em><img loading=\"lazy\" decoding=\"async\" class=\"alignnone size-full wp-image-129\" src=\"http:\/\/transporteativo.org.br\/ta\/wp-content\/uploads\/2016\/09\/Flagbrit.gif\" alt=\"Flagbrit\" width=\"22\" height=\"15\" \/><br \/>\n<strong>\u00b7\u00a0<\/strong><\/em><a href=\"http:\/\/www.ta.org.br\/site2\/Banco\/7manuais\/parking.pdf\" target=\"_blank\">Biciclet\u00e1rios seguros, ingrediente para implementar o uso de bicicletas. Transalt.org.<\/a>\u00a0<em><img loading=\"lazy\" decoding=\"async\" class=\"alignnone size-full wp-image-129\" src=\"http:\/\/transporteativo.org.br\/ta\/wp-content\/uploads\/2016\/09\/Flagbrit.gif\" alt=\"Flagbrit\" width=\"22\" height=\"15\" \/><\/em><\/p>\n<p align=\"left\"><strong><a href=\"http:\/\/www.ta.org.br\/site2\/Banco\/4leis\/ReSMAC505_221211.pdf\" target=\"_blank\">Procedimentos para autoriza\u00e7\u00e3o e instala\u00e7\u00e3o de biciclet\u00e1rios em logradouros p\u00fablicos no <\/a>Rio de Janeiro.<\/strong><\/p>\n<p><strong>Fabricantes e revendas de biciclet\u00e1rios no Brasil:<br \/>\n<\/strong><a href=\"http:\/\/www.ciclomidia.com.br\/\" target=\"_blank\">Ciclomidia<br \/>\n<\/a><a href=\"http:\/\/www.cicloparking.com.br\/\" target=\"_blank\">Cicloparking<br \/>\n<\/a><a href=\"http:\/\/www.altmayer.com.br\/produtos\/2\/0\/3\/\" target=\"_blank\">Altmayer<br \/>\n<\/a><a href=\"http:\/\/orionbike.com.br\/bicicletarios\/\" target=\"_blank\">Orion Bike<\/a><\/p>\n","protected":false},"excerpt":{"rendered":"<p> <a class=\"more-link\" href=\"https:\/\/transporteativo.org.br\/ta\/?page_id=90\"><\/a><\/p>\n","protected":false},"author":1,"featured_media":0,"parent":46,"menu_order":0,"comment_status":"closed","ping_status":"closed","template":"","meta":{"_exactmetrics_skip_tracking":false,"_exactmetrics_sitenote_active":false,"_exactmetrics_sitenote_note":"","_exactmetrics_sitenote_category":0,"footnotes":""},"class_list":["post-90","page","type-page","status-publish","hentry"],"_links":{"self":[{"href":"https:\/\/transporteativo.org.br\/ta\/index.php?rest_route=\/wp\/v2\/pages\/90","targetHints":{"allow":["GET"]}}],"collection":[{"href":"https:\/\/transporteativo.org.br\/ta\/index.php?rest_route=\/wp\/v2\/pages"}],"about":[{"href":"https:\/\/transporteativo.org.br\/ta\/index.php?rest_route=\/wp\/v2\/types\/page"}],"author":[{"embeddable":true,"href":"https:\/\/transporteativo.org.br\/ta\/index.php?rest_route=\/wp\/v2\/users\/1"}],"replies":[{"embeddable":true,"href":"https:\/\/transporteativo.org.br\/ta\/index.php?rest_route=%2Fwp%2Fv2%2Fcomments&post=90"}],"version-history":[{"count":22,"href":"https:\/\/transporteativo.org.br\/ta\/index.php?rest_route=\/wp\/v2\/pages\/90\/revisions"}],"predecessor-version":[{"id":19931,"href":"https:\/\/transporteativo.org.br\/ta\/index.php?rest_route=\/wp\/v2\/pages\/90\/revisions\/19931"}],"up":[{"embeddable":true,"href":"https:\/\/transporteativo.org.br\/ta\/index.php?rest_route=\/wp\/v2\/pages\/46"}],"wp:attachment":[{"href":"https:\/\/transporteativo.org.br\/ta\/index.php?rest_route=%2Fwp%2Fv2%2Fmedia&parent=90"}],"curies":[{"name":"wp","href":"https:\/\/api.w.org\/{rel}","templated":true}]}}