{"id":9592,"date":"2017-03-20T07:32:59","date_gmt":"2017-03-20T10:32:59","guid":{"rendered":"http:\/\/transporteativo.org.br\/ta\/?page_id=9592"},"modified":"2026-04-03T10:42:14","modified_gmt":"2026-04-03T13:42:14","slug":"9592-2","status":"publish","type":"page","link":"https:\/\/transporteativo.org.br\/ta\/?page_id=9592","title":{"rendered":""},"content":{"rendered":"<h2>XIII Pr\u00eamio Promovendo a Mobilidade por Bicicleta no Brasil<\/h2>\n<p>&nbsp;<\/p>\n<script type='text\/javascript'>\r\n\tjQuery(document).ready(function ($) {\r\n\t\t$('#responsiveTabs-9590').responsiveTabs({\r\n\t\t\tcollapsible: true,\r\n\t\t\tanimation: 'fade',\r\n\t\t\tduration: 500,\r\n\t\t\tactive:0,\t\t\t\r\n\t\t\t});\r\n\t\r\n\t\r\n\t\t});\r\n\t<\/script><style type=\"text\/css\">#tabs-9590{} #tabs-9590 .tabs-nav-items{} #tabs-9590 .tabs-content{}\r\n\t\t\r\n\t\t#responsiveTabs-9590{\r\n\t\t\t\r\n\t\t\tpadding:;\r\n\t\t\tmargin:;\t\t\t\r\n\t\t\t\r\n\t\t\t}\t\t\r\n\t\t#responsiveTabs-9590 ul.tabs-nav li.tabs-nav-items,\r\n\t\t#responsiveTabs-9590  .r-tabs-accordion-title{\r\n\t\t\t\r\n\t\t\tbackground: #dddddd;\r\n\t\t\tpadding: ;\r\n\t\t\tmargin: ;\t\t\t\t\t\r\n\t\t\t\r\n\t\t\t}#responsiveTabs-9590 ul.tabs-nav li.r-tabs-state-active ,\r\n\t\t#responsiveTabs-9590 div.r-tabs-state-active ,\r\n\t\t#responsiveTabs-9590 .r-tabs-panel.r-tabs-state-active{\r\n\t\t\t\r\n\t\t\tbackground: #f2f2f2;\r\n\t\t\t}#responsiveTabs-9590 .r-tabs-panel{\r\n\t\t\t\r\n\t\t\tbackground: #f2f2f2;\r\n\t\t\tpadding: ;\r\n\t\t\tmargin: ;\t\t\t\r\n\t\t\t\r\n\t\t\t}\t\t\r\n\t\t\r\n\t\t\r\n\t\t#responsiveTabs-9590  .r-tabs-accordion-title a{\r\n\t\t\t\r\n\t\t\tcolor:#000000;\r\n\t\t\t\r\n\t\t\t}\r\n\t\t\r\n\t\t\r\n\t\t\r\n\t\t\r\n\t\t\r\n\t\t<\/style><div id=\"responsiveTabs-9590\"  class=\"tabs-container tabs-rounded-top\" style=\"background-image:url()\"><ul  id=\"tabs-9590\" class=\"tabs-nav\"><li class=\"tabs-nav-items\"><a style=\"color:#000000;font-size:15px\" href=\"#tab-9590-0\"><i class=\"fa fa-No Icon\"><\/i>O Pr\u00eamio<\/a><\/li><li class=\"tabs-nav-items\"><a style=\"color:#000000;font-size:15px\" href=\"#tab-9590-1487369163799\"><i class=\"fa fa-No Icon\"><\/i>Inscri\u00e7\u00f5es<\/a><\/li><li class=\"tabs-nav-items\"><a style=\"color:#000000;font-size:15px\" href=\"#tab-9590-1487369237175\"><i class=\"fa fa-No Icon\"><\/i>Regulamento<\/a><\/li><li class=\"tabs-nav-items\"><a style=\"color:#000000;font-size:15px\" href=\"#tab-9590-1487369270582\"><i class=\"fa fa-No Icon\"><\/i>Comiss\u00e3o Julgadora<\/a><\/li><li class=\"tabs-nav-items\"><a style=\"color:#000000;font-size:15px\" href=\"#tab-9590-1487369328198\"><i class=\"fa fa-No Icon\"><\/i>Patroc\u00ednio<\/a><\/li><li class=\"tabs-nav-items\"><a style=\"color:#000000;font-size:15px\" href=\"#tab-9590-1524518857488\"><i class=\"fa fa-No Icon\"><\/i>Resultados<\/a><\/li><\/ul><div style=\"color:#0a0a0a;font-size:16px\" id=\"tab-9590-0\" class=\"tabs-content\"><p style=\"text-align: justify;\">O Pr\u00eamio \u2013 \u201cPromovendo a Mobilidade por Bicicleta no Brasil\u201d seleciona, h\u00e1 doze anos com patroc\u00ednio do Ita\u00fa-Unibanco, as melhores iniciativas brasileiras de quem trabalha em prol das bicicletas. Afinal, boas ideias precisam ser reconhecidas e homenageadas.<\/p>\n<p style=\"text-align: justify;\"><a href=\"https:\/\/transporteativo.org.br\/ta\/?p=19693\" target=\"_blank\">Resultados 2025<\/a><br \/>\n<a href=\"https:\/\/transporteativo.org.br\/ta\/?p=18673\" target=\"_blank\">Resultados 2024<\/a><br \/>\n<a href=\"http:\/\/transporteativo.org.br\/ta\/?p=17747\" target=\"_blank\">Resultados 2023<\/a><br \/>\n<a href=\"http:\/\/transporteativo.org.br\/ta\/?p=16034\" target=\"_blank\">Resultados 2022<\/a><br \/>\n<a href=\"http:\/\/transporteativo.org.br\/ta\/?p=14631\" target=\"_blank\">Resultado Edi\u00e7\u00e3o Especial 2021<\/a><br \/>\n<a href=\"http:\/\/transporteativo.org.br\/ta\/?p=13888\" target=\"_blank\">Resultados 2020<\/a><br \/>\n<a href=\"http:\/\/transporteativo.org.br\/ta\/?p=12786\" target=\"_blank\">Resultados 2019<\/a><a href=\"http:\/\/transporteativo.org.br\/ta\/?p=11465\" target=\"_blank\"><br \/>\nResultados 2018<br \/>\n<\/a><a href=\"http:\/\/transporteativo.org.br\/ta\/?p=9977\" target=\"_blank\">Resultados 2017<\/a><br \/>\n<a href=\"http:\/\/transporteativo.org.br\/ta\/?p=7771\" target=\"_blank\">Resultados 2016<\/a><br \/>\n<a href=\"http:\/\/transporteativo.org.br\/ta\/?p=6312\" target=\"_blank\">Resultados 2015<\/a><br \/>\n<a href=\"http:\/\/transporteativo.org.br\/ta\/?p=5284\" target=\"_blank\">Resultados 2014<\/a><\/p>\n<p style=\"text-align: justify;\">Dividido em tr\u00eas categorias o Pr\u00eamio reconhece a import\u00e2ncia de diferentes \u00e1reas de atua\u00e7\u00e3o na promo\u00e7\u00e3o ao uso de bicicletas. Cada categoria ter\u00e1 um projeto vencedor e duas men\u00e7\u00f5es honrosas e s\u00e3o elas:<br \/>\n\u00b7 A\u00e7\u00e3o educativa e de Sensibiliza\u00e7\u00e3o<br \/>\n\u00b7 Levantamento de dados e pesquisas<br \/>\n\u00b7 Empreendedorismo<\/p>\n<p>A premia\u00e7\u00e3o principal para cada uma das 3 categorias ainda est\u00e1 sendo definida, e contar\u00e1 com viagem ao evento de entrega de pr\u00eamios.<\/p>\n<p>Os resultados ser\u00e3o divulgados no m\u00eas de julho.<br \/>\nE a entrega de pr\u00eamios acontecer\u00e1 no <a href=\"https:\/\/shimanofest.com.br\/\" target=\"_blank\">Shimano Fest<\/a> em agosto.<\/p>\n<p>&nbsp;<\/p>\n<\/div><div style=\"color:#0a0a0a;font-size:16px\" id=\"tab-9590-1487369163799\" class=\"tabs-content\"><p>As inscri\u00e7\u00f5es para a Edi\u00e7\u00e3o 2026 tem previs\u00e3o de se iniciarem no m\u00eas Abril.<\/p>\n<p>Clique na categoria desejada para fazer sua inscri\u00e7\u00e3o:<\/p>\n<p>Categoria: <a href=\"https:\/\/form.jotform.com\/200054074636650\" target=\"_blank\">\u201dA\u00e7\u00e3o educativa e de sensibiliza\u00e7\u00e3o\u201d<\/a><br \/>\nPodem se inscrever nesta categoria qualquer atividade sem fins econ\u00f4micos que promova a mobilidade por bicicletas no Brasil.<\/p>\n<p>Categoria: <a href=\"https:\/\/form.jotform.com\/200055017469652\" target=\"_blank\">\u201dLevantamento de dados e pesquisas\u201d<\/a><br \/>\nPodem se inscrever na categoria \u201cLevantamento de dados e pesquisas\u201d qualquer trabalho investigativo realizado no Brasil que esteja relacionado ao tema do pr\u00eamio.<\/p>\n<p>Categoria: <a href=\"https:\/\/form.jotform.com\/200054995195662\" target=\"_blank\">\u201dEmpreendedorismo\u201d<\/a><br \/>\nPodem se inscrever nesta categoria qualquer atividade com fins econ\u00f4micos ou n\u00e3o, de car\u00e1ter empreendedor que tenha rela\u00e7\u00e3o com a promo\u00e7\u00e3o do uso da bicicleta.<\/p>\n<pre>Logo ap\u00f3s o envio bem sucedido, voc\u00ea ver\u00e1 uma mensagem de agradecimento.<\/pre>\n<\/div><div style=\"color:#0a0a0a;font-size:16px\" id=\"tab-9590-1487369237175\" class=\"tabs-content\"><p style=\"text-align: justify;\">1. Podem se inscrever Organiza\u00e7\u00f5es da Sociedade Civil\u00a0legalmente formalizadas ou n\u00e3o, Empresas, Indiv\u00edduos e \u00d3rg\u00e3os P\u00fablicos*.<\/p>\n<p style=\"text-align: justify;\">2. A comiss\u00e3o Organizadora do Pr\u00eamio, formada por membros da Transporte Ativo, resguarda o direito de n\u00e3o premiar projetos em categorias que tenham menos do que 5 projetos inscritos e\/ou projetos que n\u00e3o atendam aos objetivos do pr\u00eamio.<\/p>\n<p style=\"text-align: justify;\">3. Caso a Comiss\u00e3o Organizadora entenda que seu projeto\/empreendimento n\u00e3o se enquadra na categoria inscrita esta poder\u00e1 alterar a categoria em que o projeto\/empreendimento ir\u00e1 concorrer ao pr\u00eamio.<\/p>\n<p style=\"text-align: justify;\">4. Apenas os vencedores de cada categoria ter\u00e3o direito ao pr\u00eamio principal.<\/p>\n<p style=\"text-align: justify;\">5. Ser\u00e3o aceitos somente trabalhos em andamento ou j\u00e1 realizados em per\u00edodo recente, que nunca tenham sido premiados em outra edi\u00e7\u00e3o deste pr\u00eamio.<\/p>\n<p>Cada categoria ter\u00e1 um Vencedor e duas Men\u00e7\u00f5es Honrosas.<\/p>\n<pre>*em caso de vit\u00f3ria de \u00d3rg\u00e3os P\u00fablico, n\u00e3o haver\u00e1 premia\u00e7\u00e3o em dinheiro,\r\no valor ser\u00e1 redistribu\u00eddo para as premia\u00e7\u00f5es das outras categorias.<\/pre>\n<\/div><div style=\"color:#0a0a0a;font-size:16px\" id=\"tab-9590-1487369270582\" class=\"tabs-content\"><p><strong>2025<\/strong><\/p>\n<p>\u00b7 Carol Rivas\u00a0\u00a0\u00a0\u00a0\u00a0\u00a0\u00a0\u00a0\u00a0\u00a0\u00a0\u00a0\u00a0\u00a0\u00a0 Consultora ESG, Comunica\u00e7\u00e3o &amp; Recursos Humanos<br \/>\n\u00b7 Daniel Moura\u00a0\u00a0 \u00a0\u00a0\u00a0 \u00a0\u00a0\u00a0\u00a0\u00a0 Ciclista Integrante da Ciclomobi - Macei\u00f3 AL<br \/>\n\u00b7 Eduardo Bernhardt \u00a0\u00a0 Educador Ambiental e Diretor Financeiro TA<br \/>\n\u00b7 Gisele Valle\u00a0\u00a0\u00a0\u00a0\u00a0\u00a0\u00a0\u00a0\u00a0\u00a0\u00a0\u00a0\u00a0\u00a0 Coletivo de Ciclistas S\u00e3o Jos\u00e9 dos Campos - SP<br \/>\n\u00b7 Jessica Lima\u00a0\u00a0\u00a0\u00a0 \u00a0\u00a0\u00a0 \u00a0\u00a0\u00a0 Professora UFAL e divulgadora cient\u00edfica @atransportista<br \/>\n\u00b7 J\u00e9ssica Lucena\u00a0\u00a0\u00a0\u00a0\u00a0\u00a0\u00a0\u00a0 Pesquisadora em Mobilidade Ativa, Instituto T\u00e9cnico Superior Universidade de Lisboa<br \/>\n\u00b7 Jo\u00e3o Magalh\u00e3es\u00a0\u00a0\u00a0\u00a0\u00a0\u00a0 Shimano Latin America<br \/>\n\u00b7 Jonas Hagen\u00a0\u00a0\u00a0\u00a0\u00a0\u00a0 \u00a0\u00a0\u00a0\u00a0 PHD, Consultor Independente em Mobilidade - NY<br \/>\n\u00b7 Juliana DeCastro\u00a0 \u00a0\u00a0\u00a0 Pesq. e Coordenadora PLANETT e Encontros para Desenvolvimento do Cicloturismo<br \/>\n\u00b7 Lorena Freitas\u00a0\u00a0 \u00a0\u00a0\u00a0 \u00a0 \u00a0 ITDP Brasil | Gerente de Gest\u00e3o da Mobilidade<br \/>\n\u00b7 Marina Convertino\u00a0\u00a0\u00a0\u00a0 Rela\u00e7\u00f5es Institucionais Ita\u00fa Unibanco<br \/>\n\u00b7 Renata Falzoni\u00a0\u00a0\u00a0\u00a0\u00a0 \u00a0 \u00a0 Arquiteta, Jornalista, Ciclista e Vereadora SP<br \/>\n\u00b7 Rodrigo Vit\u00f3rio\u00a0\u00a0 \u00a0\u00a0 \u00a0 \u00a0 Comiss\u00e3o de Tr\u00e2nsito OAB Rio<br \/>\n\u00b7 Simone Costa\u00a0\u00a0\u00a0\u00a0\u00a0\u00a0\u00a0\u00a0\u00a0\u00a0 Coord. Geral de concess\u00f5es e projetos da Sec. de Transportes da Cidade do Rio de Janeiro<br \/>\n\u00b7 Willian Cruz\u00a0\u00a0\u00a0\u00a0\u00a0\u00a0\u00a0\u00a0\u00a0\u00a0\u00a0\u00a0\u00a0 V\u00e1 de Bike<br \/>\n\u00b7 Z\u00e9 Lobo\u00a0\u00a0 \u00a0\u00a0\u00a0 \u00a0\u00a0\u00a0\u00a0\u00a0\u00a0 \u00a0\u00a0 \u00a0\u00a0 Diretor Executivo Transporte Ativo<\/p>\n<\/div><div style=\"color:#0a0a0a;font-size:16px\" id=\"tab-9590-1487369328198\" class=\"tabs-content\"><div class=\"wpts_cl\">\n<p><span style=\"color: #999999;\"><img loading=\"lazy\" decoding=\"async\" class=\"alignnone size-full wp-image-18329\" src=\"http:\/\/transporteativo.org.br\/ta\/wp-content\/uploads\/2024\/01\/ITAU_LOGO_HEX.png\" alt=\"ITAU_LOGO_HEX\" width=\"1200\" height=\"300\" srcset=\"https:\/\/transporteativo.org.br\/ta\/wp-content\/uploads\/2024\/01\/ITAU_LOGO_HEX.png 1200w, https:\/\/transporteativo.org.br\/ta\/wp-content\/uploads\/2024\/01\/ITAU_LOGO_HEX-300x75.png 300w, https:\/\/transporteativo.org.br\/ta\/wp-content\/uploads\/2024\/01\/ITAU_LOGO_HEX-768x192.png 768w, https:\/\/transporteativo.org.br\/ta\/wp-content\/uploads\/2024\/01\/ITAU_LOGO_HEX-1024x256.png 1024w\" sizes=\"auto, (max-width: 1200px) 100vw, 1200px\" \/><\/span><\/p>\n<p><img loading=\"lazy\" decoding=\"async\" class=\"alignnone size-full wp-image-11118\" src=\"http:\/\/transporteativo.org.br\/ta\/wp-content\/uploads\/2018\/02\/IMG_4409.jpg\" alt=\"IMG_4409\" width=\"850\" height=\"332\" srcset=\"https:\/\/transporteativo.org.br\/ta\/wp-content\/uploads\/2018\/02\/IMG_4409.jpg 850w, https:\/\/transporteativo.org.br\/ta\/wp-content\/uploads\/2018\/02\/IMG_4409-300x117.jpg 300w, https:\/\/transporteativo.org.br\/ta\/wp-content\/uploads\/2018\/02\/IMG_4409-768x300.jpg 768w\" sizes=\"auto, (max-width: 850px) 100vw, 850px\" \/><\/p>\n<\/div>\n<\/div><div style=\"color:#0a0a0a;font-size:16px\" id=\"tab-9590-1524518857488\" class=\"tabs-content\"><p style=\"text-align: center;\">Resultados<\/p>\n<pre style=\"text-align: center;\">Clique nas tabelas para conhecer os projetos.<\/pre>\n<p style=\"text-align: center;\"><a href=\"https:\/\/transporteativo.org.br\/ta\/?p=19693\" target=\"_blank\"><img loading=\"lazy\" decoding=\"async\" class=\"alignnone wp-image-19755 size-full\" src=\"https:\/\/transporteativo.org.br\/ta\/wp-content\/uploads\/2025\/07\/PTA25_para-site.jpg\" alt=\"PTA25_para-site\" width=\"1272\" height=\"392\" srcset=\"https:\/\/transporteativo.org.br\/ta\/wp-content\/uploads\/2025\/07\/PTA25_para-site.jpg 1272w, https:\/\/transporteativo.org.br\/ta\/wp-content\/uploads\/2025\/07\/PTA25_para-site-300x92.jpg 300w, https:\/\/transporteativo.org.br\/ta\/wp-content\/uploads\/2025\/07\/PTA25_para-site-768x237.jpg 768w, https:\/\/transporteativo.org.br\/ta\/wp-content\/uploads\/2025\/07\/PTA25_para-site-1024x316.jpg 1024w\" sizes=\"auto, (max-width: 1272px) 100vw, 1272px\" \/><\/a><\/p>\n<p style=\"text-align: center;\"><a href=\"http:\/\/transporteativo.org.br\/ta\/?p=18673\" target=\"_blank\"><img loading=\"lazy\" decoding=\"async\" class=\"alignnone wp-image-18775 size-full\" src=\"http:\/\/transporteativo.org.br\/ta\/wp-content\/uploads\/2017\/02\/PPMBB2024B.jpg\" alt=\"PPMBB2024B\" width=\"1173\" height=\"359\" srcset=\"https:\/\/transporteativo.org.br\/ta\/wp-content\/uploads\/2017\/02\/PPMBB2024B.jpg 1173w, https:\/\/transporteativo.org.br\/ta\/wp-content\/uploads\/2017\/02\/PPMBB2024B-300x92.jpg 300w, https:\/\/transporteativo.org.br\/ta\/wp-content\/uploads\/2017\/02\/PPMBB2024B-768x235.jpg 768w, https:\/\/transporteativo.org.br\/ta\/wp-content\/uploads\/2017\/02\/PPMBB2024B-1024x313.jpg 1024w\" sizes=\"auto, (max-width: 1173px) 100vw, 1173px\" \/><\/a><\/p>\n<p style=\"text-align: center;\"><a href=\"http:\/\/transporteativo.org.br\/ta\/?p=17747\" target=\"_blank\"><img loading=\"lazy\" decoding=\"async\" class=\"alignnone wp-image-17811 size-full\" src=\"http:\/\/transporteativo.org.br\/ta\/wp-content\/uploads\/2017\/02\/premio23_quadro.jpg\" alt=\"premio23_quadro\" width=\"1427\" height=\"450\" srcset=\"https:\/\/transporteativo.org.br\/ta\/wp-content\/uploads\/2017\/02\/premio23_quadro.jpg 1427w, https:\/\/transporteativo.org.br\/ta\/wp-content\/uploads\/2017\/02\/premio23_quadro-300x95.jpg 300w, https:\/\/transporteativo.org.br\/ta\/wp-content\/uploads\/2017\/02\/premio23_quadro-768x242.jpg 768w, https:\/\/transporteativo.org.br\/ta\/wp-content\/uploads\/2017\/02\/premio23_quadro-1024x323.jpg 1024w\" sizes=\"auto, (max-width: 1427px) 100vw, 1427px\" \/><\/a><\/p>\n<p style=\"text-align: center;\"><a href=\"http:\/\/transporteativo.org.br\/ta\/?p=16034\" target=\"_blank\"><img loading=\"lazy\" decoding=\"async\" class=\"alignnone wp-image-16095 size-full\" src=\"http:\/\/transporteativo.org.br\/ta\/wp-content\/uploads\/2017\/02\/P22.jpg\" alt=\"P22\" width=\"1427\" height=\"451\" srcset=\"https:\/\/transporteativo.org.br\/ta\/wp-content\/uploads\/2017\/02\/P22.jpg 1427w, https:\/\/transporteativo.org.br\/ta\/wp-content\/uploads\/2017\/02\/P22-300x95.jpg 300w, https:\/\/transporteativo.org.br\/ta\/wp-content\/uploads\/2017\/02\/P22-768x243.jpg 768w, https:\/\/transporteativo.org.br\/ta\/wp-content\/uploads\/2017\/02\/P22-1024x324.jpg 1024w\" sizes=\"auto, (max-width: 1427px) 100vw, 1427px\" \/><\/a><\/p>\n<p style=\"text-align: center;\"><a href=\"http:\/\/transporteativo.org.br\/ta\/?p=14631\" target=\"_blank\"><img loading=\"lazy\" decoding=\"async\" class=\"alignnone wp-image-14866 size-full\" src=\"http:\/\/transporteativo.org.br\/ta\/wp-content\/uploads\/2017\/02\/2021PS.png\" alt=\"2021PS\" width=\"951\" height=\"101\" srcset=\"https:\/\/transporteativo.org.br\/ta\/wp-content\/uploads\/2017\/02\/2021PS.png 951w, https:\/\/transporteativo.org.br\/ta\/wp-content\/uploads\/2017\/02\/2021PS-300x32.png 300w, https:\/\/transporteativo.org.br\/ta\/wp-content\/uploads\/2017\/02\/2021PS-768x82.png 768w\" sizes=\"auto, (max-width: 951px) 100vw, 951px\" \/><\/a><\/p>\n<p style=\"text-align: center;\"><a href=\"http:\/\/transporteativo.org.br\/ta\/?p=13888\" target=\"_blank\"><img loading=\"lazy\" decoding=\"async\" class=\"alignnone wp-image-13853 size-full\" src=\"http:\/\/transporteativo.org.br\/ta\/wp-content\/uploads\/2020\/04\/20.jpg\" alt=\"20\" width=\"951\" height=\"301\" srcset=\"https:\/\/transporteativo.org.br\/ta\/wp-content\/uploads\/2020\/04\/20.jpg 951w, https:\/\/transporteativo.org.br\/ta\/wp-content\/uploads\/2020\/04\/20-300x95.jpg 300w, https:\/\/transporteativo.org.br\/ta\/wp-content\/uploads\/2020\/04\/20-768x243.jpg 768w\" sizes=\"auto, (max-width: 951px) 100vw, 951px\" \/><\/a><\/p>\n<p style=\"text-align: center;\"><a href=\"http:\/\/transporteativo.org.br\/ta\/?p=12786\" target=\"_blank\"><img loading=\"lazy\" decoding=\"async\" class=\"alignnone wp-image-13852 size-full\" src=\"http:\/\/transporteativo.org.br\/ta\/wp-content\/uploads\/2020\/04\/19.jpg\" alt=\"19\" width=\"951\" height=\"321\" srcset=\"https:\/\/transporteativo.org.br\/ta\/wp-content\/uploads\/2020\/04\/19.jpg 951w, https:\/\/transporteativo.org.br\/ta\/wp-content\/uploads\/2020\/04\/19-300x101.jpg 300w, https:\/\/transporteativo.org.br\/ta\/wp-content\/uploads\/2020\/04\/19-768x259.jpg 768w\" sizes=\"auto, (max-width: 951px) 100vw, 951px\" \/><\/a><\/p>\n<p style=\"text-align: center;\"><a href=\"http:\/\/transporteativo.org.br\/ta\/?p=11465\" target=\"_blank\"><img loading=\"lazy\" decoding=\"async\" class=\"alignnone wp-image-13851 size-full\" src=\"http:\/\/transporteativo.org.br\/ta\/wp-content\/uploads\/2020\/04\/18.jpg\" alt=\"18\" width=\"951\" height=\"301\" srcset=\"https:\/\/transporteativo.org.br\/ta\/wp-content\/uploads\/2020\/04\/18.jpg 951w, https:\/\/transporteativo.org.br\/ta\/wp-content\/uploads\/2020\/04\/18-300x95.jpg 300w, https:\/\/transporteativo.org.br\/ta\/wp-content\/uploads\/2020\/04\/18-768x243.jpg 768w\" sizes=\"auto, (max-width: 951px) 100vw, 951px\" \/><\/a><\/p>\n<p style=\"text-align: center;\"><a href=\"http:\/\/transporteativo.org.br\/ta\/?p=9977\" target=\"_blank\"><img loading=\"lazy\" decoding=\"async\" class=\"alignnone wp-image-13850 size-full\" src=\"http:\/\/transporteativo.org.br\/ta\/wp-content\/uploads\/2020\/04\/17.jpg\" alt=\"17\" width=\"951\" height=\"201\" srcset=\"https:\/\/transporteativo.org.br\/ta\/wp-content\/uploads\/2020\/04\/17.jpg 951w, https:\/\/transporteativo.org.br\/ta\/wp-content\/uploads\/2020\/04\/17-300x63.jpg 300w, https:\/\/transporteativo.org.br\/ta\/wp-content\/uploads\/2020\/04\/17-768x162.jpg 768w\" sizes=\"auto, (max-width: 951px) 100vw, 951px\" \/><\/a><\/p>\n<p style=\"text-align: center;\"><a href=\"http:\/\/transporteativo.org.br\/ta\/?p=7771\" target=\"_blank\"><img loading=\"lazy\" decoding=\"async\" class=\"alignnone wp-image-13849 size-full\" src=\"http:\/\/transporteativo.org.br\/ta\/wp-content\/uploads\/2020\/04\/16.jpg\" alt=\"16\" width=\"951\" height=\"261\" srcset=\"https:\/\/transporteativo.org.br\/ta\/wp-content\/uploads\/2020\/04\/16.jpg 951w, https:\/\/transporteativo.org.br\/ta\/wp-content\/uploads\/2020\/04\/16-300x82.jpg 300w, https:\/\/transporteativo.org.br\/ta\/wp-content\/uploads\/2020\/04\/16-768x211.jpg 768w\" sizes=\"auto, (max-width: 951px) 100vw, 951px\" \/><\/a><\/p>\n<p style=\"text-align: center;\"><a href=\"http:\/\/transporteativo.org.br\/ta\/?p=6312\" target=\"_blank\"><img loading=\"lazy\" decoding=\"async\" class=\"alignnone wp-image-13848 size-full\" src=\"http:\/\/transporteativo.org.br\/ta\/wp-content\/uploads\/2020\/04\/15.jpg\" alt=\"15\" width=\"951\" height=\"301\" srcset=\"https:\/\/transporteativo.org.br\/ta\/wp-content\/uploads\/2020\/04\/15.jpg 951w, https:\/\/transporteativo.org.br\/ta\/wp-content\/uploads\/2020\/04\/15-300x95.jpg 300w, https:\/\/transporteativo.org.br\/ta\/wp-content\/uploads\/2020\/04\/15-768x243.jpg 768w\" sizes=\"auto, (max-width: 951px) 100vw, 951px\" \/><\/a><\/p>\n<p style=\"text-align: center;\"><a href=\"http:\/\/transporteativo.org.br\/ta\/?p=5284\" target=\"_blank\"><img loading=\"lazy\" decoding=\"async\" class=\"alignnone wp-image-13847 size-full\" src=\"http:\/\/transporteativo.org.br\/ta\/wp-content\/uploads\/2020\/04\/14.jpg\" alt=\"14\" width=\"951\" height=\"301\" srcset=\"https:\/\/transporteativo.org.br\/ta\/wp-content\/uploads\/2020\/04\/14.jpg 951w, https:\/\/transporteativo.org.br\/ta\/wp-content\/uploads\/2020\/04\/14-300x95.jpg 300w, https:\/\/transporteativo.org.br\/ta\/wp-content\/uploads\/2020\/04\/14-768x243.jpg 768w\" sizes=\"auto, (max-width: 951px) 100vw, 951px\" \/><\/a><\/p>\n<\/div><\/div>\n","protected":false},"excerpt":{"rendered":"<p> <a class=\"more-link\" href=\"https:\/\/transporteativo.org.br\/ta\/?page_id=9592\"><\/a><\/p>\n","protected":false},"author":2,"featured_media":12578,"parent":0,"menu_order":0,"comment_status":"closed","ping_status":"closed","template":"","meta":{"_exactmetrics_skip_tracking":false,"_exactmetrics_sitenote_active":false,"_exactmetrics_sitenote_note":"","_exactmetrics_sitenote_category":0,"footnotes":""},"class_list":["post-9592","page","type-page","status-publish","has-post-thumbnail","hentry"],"_links":{"self":[{"href":"https:\/\/transporteativo.org.br\/ta\/index.php?rest_route=\/wp\/v2\/pages\/9592","targetHints":{"allow":["GET"]}}],"collection":[{"href":"https:\/\/transporteativo.org.br\/ta\/index.php?rest_route=\/wp\/v2\/pages"}],"about":[{"href":"https:\/\/transporteativo.org.br\/ta\/index.php?rest_route=\/wp\/v2\/types\/page"}],"author":[{"embeddable":true,"href":"https:\/\/transporteativo.org.br\/ta\/index.php?rest_route=\/wp\/v2\/users\/2"}],"replies":[{"embeddable":true,"href":"https:\/\/transporteativo.org.br\/ta\/index.php?rest_route=%2Fwp%2Fv2%2Fcomments&post=9592"}],"version-history":[{"count":22,"href":"https:\/\/transporteativo.org.br\/ta\/index.php?rest_route=\/wp\/v2\/pages\/9592\/revisions"}],"predecessor-version":[{"id":20407,"href":"https:\/\/transporteativo.org.br\/ta\/index.php?rest_route=\/wp\/v2\/pages\/9592\/revisions\/20407"}],"wp:featuredmedia":[{"embeddable":true,"href":"https:\/\/transporteativo.org.br\/ta\/index.php?rest_route=\/wp\/v2\/media\/12578"}],"wp:attachment":[{"href":"https:\/\/transporteativo.org.br\/ta\/index.php?rest_route=%2Fwp%2Fv2%2Fmedia&parent=9592"}],"curies":[{"name":"wp","href":"https:\/\/api.w.org\/{rel}","templated":true}]}}